{"id":13786,"date":"2015-04-14T10:07:07","date_gmt":"2015-04-14T10:07:07","guid":{"rendered":"https:\/\/www.smartray.com\/de\/technology\/"},"modified":"2026-01-28T15:08:11","modified_gmt":"2026-01-28T15:08:11","slug":"technologie","status":"publish","type":"page","link":"https:\/\/www.smartray.com\/de\/unternehmen\/technologie\/","title":{"rendered":"Technologie"},"content":{"rendered":"<p><div class=\"fusion-fullwidth fullwidth-box fusion-builder-row-1 nonhundred-percent-fullwidth non-hundred-percent-height-scrolling typo_unterseite_green\" style=\"--awb-border-radius-top-left:0px;--awb-border-radius-top-right:0px;--awb-border-radius-bottom-right:0px;--awb-border-radius-bottom-left:0px;--awb-padding-top:0px;--awb-flex-wrap:wrap;\" ><div class=\"fusion-builder-row fusion-row\"><div class=\"fusion-layout-column fusion_builder_column fusion-builder-column-0 fusion_builder_column_1_1 1_1 fusion-one-full fusion-column-first fusion-column-last fusion-column-no-min-height\" style=\"--awb-bg-size:cover;--awb-margin-bottom:0px;\"><div class=\"fusion-column-wrapper fusion-flex-column-wrapper-legacy\"><div class=\"fusion-text fusion-text-1\"><\/div><div class=\"fusion-text fusion-text-2\"><h6><\/h6>\n<h6>BRINGING IT ALL TOGETHER.<\/h6>\n<\/div><div class=\"fusion-text fusion-text-3\"><h4>Technologie\u00a0um der Technologie willen f\u00fchrt zu nichts. Die richtige Anwendung von Technologie ver\u00e4ndert alles. Bei SmartRay konzentrieren wir uns auf eine Reihe von wesentlichen und propriet\u00e4ren Technologien, die kombiniert\u00a0den 3D-Sensor-Markt neu definieren. Hier sind nur einige der Innovationen von SmartRay beschrieben, die in unseren Produkten enthalten sind:<\/h4>\n<\/div><div class=\"fusion-sep-clear\"><\/div><div class=\"fusion-separator fusion-full-width-sep\" style=\"margin-left: auto;margin-right: auto;margin-top:10px;margin-bottom:10px;width:100%;\"><\/div><div class=\"fusion-sep-clear\"><\/div><div class=\"fusion-clearfix\"><\/div><\/div><\/div><div class=\"fusion-layout-column fusion_builder_column fusion-builder-column-1 fusion_builder_column_1_2 1_2 fusion-one-half fusion-column-first\" style=\"--awb-bg-size:cover;width:48%; margin-right: 4%;\"><div class=\"fusion-column-wrapper fusion-flex-column-wrapper-legacy\"><div class=\"fusion-text fusion-text-4\"><h3>Kallibrierung<\/h3>\n<p>S\u00e4mtliche SmartRay 3D-Sensoren sind vorkalibriert, sodass sie bereits ab der Installation genaue und wiederholbare Messungen bis in den Mikrometerbereich liefern.<\/p>\n<h3>Integration<\/h3>\n<p>Durch die Integration von Optik und Laserbeleuchtung haben wir die Notwendigkeit eliminiert f\u00fcr jede Anwendung \u00a0z. B. Linsen oder Beleuchtung neu zu definieren und zu testen.<\/p>\n<h3>Gr\u00f6\u00dfe<\/h3>\n<p>Durch die konsequente Miniaturisierung aller Komponenten haben wir die kleinsten und leichtesten 3D-Sensoren entwickelt. Die kompakte Bauform erm\u00f6glicht einen Betrieb auf engstem Raum und erleichtert den Einbau in bestehende Maschinen.<\/p>\n<h3>Aufl\u00f6sung<\/h3>\n<p>Durch die Verwendung\u00a0modernster, hochaufl\u00f6sender Sensoren in unseren Produkten k\u00f6nnen wir genauer messen, kleinere Defekte erkennen und die Automatisierung besser als mit jedem anderen 3D-Sensor kontrollieren.<\/p>\n<\/div><div class=\"fusion-clearfix\"><\/div><\/div><\/div><div class=\"fusion-layout-column fusion_builder_column fusion-builder-column-2 fusion_builder_column_1_2 1_2 fusion-one-half fusion-column-last\" style=\"--awb-bg-size:cover;width:48%;\"><div class=\"fusion-column-wrapper fusion-flex-column-wrapper-legacy\"><div class=\"fusion-text fusion-text-5\"><h3>Empfindlichkeit<\/h3>\n<p>Durch ein innovatives optisches Design wurde die Lichtempfindlichkeit unserer 3D-Sensoren deutlich erh\u00f6ht, sodass Laser mit einer niedrigeren Laserschutzklasse verwendet werden k\u00f6nnen. Der Bedarf f\u00fcr teure Laserschutzvorrichtungen entf\u00e4llt.<\/p>\n<h3>Reflexionen<\/h3>\n<p>Unsere einzigartige Filtertechnik sorgt daf\u00fcr, dass\u00a0unsere 3D-Sensoren Bilder in h\u00f6chster Qualit\u00e4t auch von komplexen Produkten mit reflektierender Oberfl\u00e4che liefern.<\/p>\n<h3>Software Integration<\/h3>\n<p>Mit dem SmartRay 3D-Sensor erhalten Sie die \u201eStarterKit Software\u201c. Das umfangreiche Softwarepaket beinhaltet alles was sie brauchen um mit dem Sensor zu arbeiten: Das \u00a0vollst\u00e4ndige SDK und Treiber f\u00fcr die g\u00e4ngigen Software Bibliotheken.<\/p>\n<\/div><div class=\"fusion-clearfix\"><\/div><\/div><\/div><\/div><\/div><div class=\"fusion-fullwidth fullwidth-box fusion-builder-row-2 nonhundred-percent-fullwidth non-hundred-percent-height-scrolling typo_unterseite_green\" style=\"--awb-border-radius-top-left:0px;--awb-border-radius-top-right:0px;--awb-border-radius-bottom-right:0px;--awb-border-radius-bottom-left:0px;--awb-padding-top:0px;--awb-flex-wrap:wrap;\" ><div class=\"fusion-builder-row fusion-row\"><div class=\"fusion-layout-column fusion_builder_column fusion-builder-column-3 fusion_builder_column_1_1 1_1 fusion-one-full fusion-column-first fusion-column-last fusion-column-no-min-height\" style=\"--awb-bg-size:cover;--awb-margin-bottom:0px;\"><div class=\"fusion-column-wrapper fusion-flex-column-wrapper-legacy\"><div class=\"fusion-sep-clear\"><\/div><div class=\"fusion-separator fusion-full-width-sep\" style=\"margin-left: auto;margin-right: auto;margin-top:10px;margin-bottom:40px;width:100%;\"><div class=\"fusion-separator-border sep-single sep-solid\" style=\"--awb-height:20px;--awb-amount:20px;--awb-sep-color:#000000;border-color:#000000;border-top-width:1px;\"><\/div><\/div><div class=\"fusion-sep-clear\"><\/div><div class=\"fusion-text fusion-text-6\"><h6>WIE FUNKTIONIEREN SMARTRAY 3D-SENSOREN?<\/h6>\n<\/div><div class=\"fusion-text fusion-text-7\"><h3>Visualize 3D!<\/h3>\n<p>Basis des Verfahrens ist die Lasertriangulation. Bei der Lasertriangulation wird ein Laserlichtpunkt bzw. eine Laserlinie aus einer Richtung auf das Objekt projiziert und aus einer anderen Richtung mit dem SmartRay 3D Sensor beobachtet. Kennt man den Abstand von Kamera und Laser sowie den Winkel zwischen Laserstrahl und Beobachtungsrichtung, kann man daraus den Abstand des beleuchteten Objektpunktes bestimmen.<\/p>\n<\/div><div class=\"fusion-sep-clear\"><\/div><div class=\"fusion-separator fusion-full-width-sep\" style=\"margin-left: auto;margin-right: auto;margin-top:15px;margin-bottom:15px;width:100%;\"><\/div><div class=\"fusion-sep-clear\"><\/div><div class=\"fusion-clearfix\"><\/div><\/div><\/div><div class=\"fusion-layout-column fusion_builder_column fusion-builder-column-4 fusion_builder_column_1_2 1_2 fusion-one-half fusion-column-first\" style=\"--awb-bg-size:cover;width:48%; margin-right: 4%;\"><div class=\"fusion-column-wrapper fusion-flex-column-wrapper-legacy\"><div class=\"fusion-image-element in-legacy-container\" style=\"--awb-caption-title-font-family:var(--h2_typography-font-family);--awb-caption-title-font-weight:var(--h2_typography-font-weight);--awb-caption-title-font-style:var(--h2_typography-font-style);--awb-caption-title-size:var(--h2_typography-font-size);--awb-caption-title-transform:var(--h2_typography-text-transform);--awb-caption-title-line-height:var(--h2_typography-line-height);--awb-caption-title-letter-spacing:var(--h2_typography-letter-spacing);\"><span class=\" fusion-imageframe imageframe-none imageframe-1 hover-type-none\"><img decoding=\"async\" src=\"https:\/\/www.smartray.com\/\/wp-content\/uploads\/2015\/04\/paint-cloud.png\" alt class=\"img-responsive\"\/><\/span><\/div><div class=\"fusion-sep-clear\"><\/div><div class=\"fusion-separator fusion-full-width-sep\" style=\"margin-left: auto;margin-right: auto;margin-top:5px;margin-bottom:5px;width:100%;\"><\/div><div class=\"fusion-sep-clear\"><\/div><div class=\"fusion-text fusion-text-8\"><p>Nutzen Sie die\u00a03D PointCloud oder \u201cZ-Maps\u201d zur Pr\u00fcfung\u00a0und zur Vermessung. Die H\u00f6he des Objekts wird in echten Millimetern angezeigt.<\/p>\n<\/div><div class=\"fusion-clearfix\"><\/div><\/div><\/div><div class=\"fusion-layout-column fusion_builder_column fusion-builder-column-5 fusion_builder_column_1_2 1_2 fusion-one-half fusion-column-last\" style=\"--awb-bg-size:cover;width:48%;\"><div class=\"fusion-column-wrapper fusion-flex-column-wrapper-legacy\"><div class=\"fusion-image-element in-legacy-container\" style=\"--awb-caption-title-font-family:var(--h2_typography-font-family);--awb-caption-title-font-weight:var(--h2_typography-font-weight);--awb-caption-title-font-style:var(--h2_typography-font-style);--awb-caption-title-size:var(--h2_typography-font-size);--awb-caption-title-transform:var(--h2_typography-text-transform);--awb-caption-title-line-height:var(--h2_typography-line-height);--awb-caption-title-letter-spacing:var(--h2_typography-letter-spacing);\"><span class=\" fusion-imageframe imageframe-none imageframe-2 hover-type-none\"><img decoding=\"async\" src=\"https:\/\/www.smartray.com\/\/wp-content\/uploads\/2015\/04\/z-map.jpg\" alt class=\"img-responsive\"\/><\/span><\/div><div class=\"fusion-sep-clear\"><\/div><div class=\"fusion-separator fusion-full-width-sep\" style=\"margin-left: auto;margin-right: auto;margin-top:5px;margin-bottom:5px;width:100%;\"><\/div><div class=\"fusion-sep-clear\"><\/div><div class=\"fusion-text fusion-text-9\"><p>Z-Map mit 3D-Visualisierung mm<\/p>\n<\/div><div class=\"fusion-clearfix\"><\/div><\/div><\/div><div class=\"fusion-layout-column fusion_builder_column fusion-builder-column-6 fusion_builder_column_1_1 1_1 fusion-one-full fusion-column-first fusion-column-last fusion-column-no-min-height\" style=\"--awb-bg-size:cover;--awb-margin-bottom:0px;\"><div class=\"fusion-column-wrapper fusion-flex-column-wrapper-legacy\"><div class=\"fusion-sep-clear\"><\/div><div class=\"fusion-separator fusion-full-width-sep\" style=\"margin-left: auto;margin-right: auto;margin-top:15px;margin-bottom:15px;width:100%;\"><\/div><div class=\"fusion-sep-clear\"><\/div><div class=\"fusion-text fusion-text-10\"><h3>Do more with SmartRay 3D\u2122<\/h3>\n<p>3D Sensors von SmartRay erfassen zus\u00e4tzlich die 2D-Informationen\u00a0Intensit\u00e4t und Laserliniendicke. 3D = 2D + more!<\/p>\n<\/div><div class=\"fusion-clearfix\"><\/div><\/div><\/div><div class=\"fusion-layout-column fusion_builder_column fusion-builder-column-7 fusion_builder_column_1_2 1_2 fusion-one-half fusion-column-first\" style=\"--awb-bg-size:cover;width:48%; margin-right: 4%;\"><div class=\"fusion-column-wrapper fusion-flex-column-wrapper-legacy\"><div class=\"fusion-image-element in-legacy-container\" style=\"--awb-caption-title-font-family:var(--h2_typography-font-family);--awb-caption-title-font-weight:var(--h2_typography-font-weight);--awb-caption-title-font-style:var(--h2_typography-font-style);--awb-caption-title-size:var(--h2_typography-font-size);--awb-caption-title-transform:var(--h2_typography-text-transform);--awb-caption-title-line-height:var(--h2_typography-line-height);--awb-caption-title-letter-spacing:var(--h2_typography-letter-spacing);\"><span class=\" fusion-imageframe imageframe-none imageframe-3 hover-type-none\"><img decoding=\"async\" src=\"https:\/\/www.smartray.com\/\/wp-content\/uploads\/2015\/04\/intensity-d2.jpg\" alt class=\"img-responsive\"\/><\/span><\/div><div class=\"fusion-sep-clear\"><\/div><div class=\"fusion-separator fusion-full-width-sep\" style=\"margin-left: auto;margin-right: auto;margin-top:5px;margin-bottom:5px;width:100%;\"><\/div><div class=\"fusion-sep-clear\"><\/div><div class=\"fusion-text fusion-text-11\"><p>Intensit\u00e4t<\/p>\n<\/div><div class=\"fusion-clearfix\"><\/div><\/div><\/div><div class=\"fusion-layout-column fusion_builder_column fusion-builder-column-8 fusion_builder_column_1_2 1_2 fusion-one-half fusion-column-last\" style=\"--awb-bg-size:cover;width:48%;\"><div class=\"fusion-column-wrapper fusion-flex-column-wrapper-legacy\"><div class=\"fusion-image-element in-legacy-container\" style=\"--awb-caption-title-font-family:var(--h2_typography-font-family);--awb-caption-title-font-weight:var(--h2_typography-font-weight);--awb-caption-title-font-style:var(--h2_typography-font-style);--awb-caption-title-size:var(--h2_typography-font-size);--awb-caption-title-transform:var(--h2_typography-text-transform);--awb-caption-title-line-height:var(--h2_typography-line-height);--awb-caption-title-letter-spacing:var(--h2_typography-letter-spacing);\"><span class=\" fusion-imageframe imageframe-none imageframe-4 hover-type-none\"><img decoding=\"async\" src=\"https:\/\/www.smartray.com\/\/wp-content\/uploads\/2015\/04\/laser-line.jpg\" alt class=\"img-responsive\"\/><\/span><\/div><div class=\"fusion-sep-clear\"><\/div><div class=\"fusion-separator fusion-full-width-sep\" style=\"margin-left: auto;margin-right: auto;margin-top:5px;margin-bottom:5px;width:100%;\"><\/div><div class=\"fusion-sep-clear\"><\/div><div class=\"fusion-text fusion-text-12\"><p>Laserliniendicke<\/p>\n<\/div><div class=\"fusion-clearfix\"><\/div><\/div><\/div><\/div><\/div><\/p>\n","protected":false},"excerpt":{"rendered":"","protected":false},"author":12,"featured_media":0,"parent":20590,"menu_order":2,"comment_status":"closed","ping_status":"closed","template":"100-width.php","meta":{"footnotes":""},"class_list":["post-13786","page","type-page","status-publish","hentry"],"yoast_head":"<!-- This site is optimized with the Yoast SEO plugin v27.4 - https:\/\/yoast.com\/product\/yoast-seo-wordpress\/ -->\n<title>SmartRay Technologie in der richtigen Anwendung<\/title>\n<meta name=\"description\" content=\"Wir konzentrieren uns auf eine Reihe von wesentlichen und propriet\u00e4ren Technologien, die kombiniert den 3D-Sensor-Markt neu definieren. Testen Sie uns!\" \/>\n<meta name=\"robots\" content=\"index, follow, max-snippet:-1, max-image-preview:large, max-video-preview:-1\" \/>\n<link rel=\"canonical\" href=\"https:\/\/www.smartray.com\/de\/unternehmen\/technologie\/\" \/>\n<meta property=\"og:locale\" content=\"de_DE\" \/>\n<meta property=\"og:type\" content=\"article\" \/>\n<meta property=\"og:title\" content=\"SmartRay Technologie in der richtigen Anwendung\" \/>\n<meta property=\"og:description\" content=\"Wir konzentrieren uns auf eine Reihe von wesentlichen und propriet\u00e4ren Technologien, die kombiniert den 3D-Sensor-Markt neu definieren. Testen Sie uns!\" \/>\n<meta property=\"og:url\" content=\"https:\/\/www.smartray.com\/de\/unternehmen\/technologie\/\" \/>\n<meta property=\"og:site_name\" content=\"SmartRay\" \/>\n<meta property=\"article:modified_time\" content=\"2026-01-28T15:08:11+00:00\" \/>\n<meta property=\"og:image\" content=\"https:\/\/www.smartray.com\/\/wp-content\/uploads\/2015\/04\/paint-cloud.png\" \/>\n<meta name=\"twitter:card\" content=\"summary_large_image\" \/>\n<meta name=\"twitter:label1\" content=\"Gesch\u00e4tzte Lesezeit\" \/>\n\t<meta name=\"twitter:data1\" content=\"7\u00a0Minuten\" \/>\n<script type=\"application\/ld+json\" class=\"yoast-schema-graph\">{\"@context\":\"https:\\\/\\\/schema.org\",\"@graph\":[{\"@type\":\"WebPage\",\"@id\":\"https:\\\/\\\/www.smartray.com\\\/de\\\/unternehmen\\\/technologie\\\/\",\"url\":\"https:\\\/\\\/www.smartray.com\\\/de\\\/unternehmen\\\/technologie\\\/\",\"name\":\"SmartRay Technologie in der richtigen Anwendung\",\"isPartOf\":{\"@id\":\"https:\\\/\\\/www.smartray.com\\\/de\\\/#website\"},\"primaryImageOfPage\":{\"@id\":\"https:\\\/\\\/www.smartray.com\\\/de\\\/unternehmen\\\/technologie\\\/#primaryimage\"},\"image\":{\"@id\":\"https:\\\/\\\/www.smartray.com\\\/de\\\/unternehmen\\\/technologie\\\/#primaryimage\"},\"thumbnailUrl\":\"https:\\\/\\\/www.smartray.com\\\/\\\/wp-content\\\/uploads\\\/2015\\\/04\\\/paint-cloud.png\",\"datePublished\":\"2015-04-14T10:07:07+00:00\",\"dateModified\":\"2026-01-28T15:08:11+00:00\",\"description\":\"Wir konzentrieren uns auf eine Reihe von wesentlichen und propriet\u00e4ren Technologien, die kombiniert den 3D-Sensor-Markt neu definieren. Testen Sie uns!\",\"breadcrumb\":{\"@id\":\"https:\\\/\\\/www.smartray.com\\\/de\\\/unternehmen\\\/technologie\\\/#breadcrumb\"},\"inLanguage\":\"de\",\"potentialAction\":[{\"@type\":\"ReadAction\",\"target\":[\"https:\\\/\\\/www.smartray.com\\\/de\\\/unternehmen\\\/technologie\\\/\"]}]},{\"@type\":\"ImageObject\",\"inLanguage\":\"de\",\"@id\":\"https:\\\/\\\/www.smartray.com\\\/de\\\/unternehmen\\\/technologie\\\/#primaryimage\",\"url\":\"https:\\\/\\\/www.smartray.com\\\/\\\/wp-content\\\/uploads\\\/2015\\\/04\\\/paint-cloud.png\",\"contentUrl\":\"https:\\\/\\\/www.smartray.com\\\/\\\/wp-content\\\/uploads\\\/2015\\\/04\\\/paint-cloud.png\"},{\"@type\":\"BreadcrumbList\",\"@id\":\"https:\\\/\\\/www.smartray.com\\\/de\\\/unternehmen\\\/technologie\\\/#breadcrumb\",\"itemListElement\":[{\"@type\":\"ListItem\",\"position\":1,\"name\":\"Home\",\"item\":\"https:\\\/\\\/www.smartray.com\\\/de\\\/\"},{\"@type\":\"ListItem\",\"position\":2,\"name\":\"Unternehmen\",\"item\":\"https:\\\/\\\/www.smartray.com\\\/de\\\/unternehmen\\\/\"},{\"@type\":\"ListItem\",\"position\":3,\"name\":\"Technologie\"}]},{\"@type\":\"WebSite\",\"@id\":\"https:\\\/\\\/www.smartray.com\\\/de\\\/#website\",\"url\":\"https:\\\/\\\/www.smartray.com\\\/de\\\/\",\"name\":\"SmartRay\",\"description\":\"Cutting-edge 3D sensors for inspection, guidance and measurement\",\"potentialAction\":[{\"@type\":\"SearchAction\",\"target\":{\"@type\":\"EntryPoint\",\"urlTemplate\":\"https:\\\/\\\/www.smartray.com\\\/de\\\/?s={search_term_string}\"},\"query-input\":{\"@type\":\"PropertyValueSpecification\",\"valueRequired\":true,\"valueName\":\"search_term_string\"}}],\"inLanguage\":\"de\"}]}<\/script>\n<!-- \/ Yoast SEO plugin. -->","yoast_head_json":{"title":"SmartRay Technologie in der richtigen Anwendung","description":"Wir konzentrieren uns auf eine Reihe von wesentlichen und propriet\u00e4ren Technologien, die kombiniert den 3D-Sensor-Markt neu definieren. Testen Sie uns!","robots":{"index":"index","follow":"follow","max-snippet":"max-snippet:-1","max-image-preview":"max-image-preview:large","max-video-preview":"max-video-preview:-1"},"canonical":"https:\/\/www.smartray.com\/de\/unternehmen\/technologie\/","og_locale":"de_DE","og_type":"article","og_title":"SmartRay Technologie in der richtigen Anwendung","og_description":"Wir konzentrieren uns auf eine Reihe von wesentlichen und propriet\u00e4ren Technologien, die kombiniert den 3D-Sensor-Markt neu definieren. Testen Sie uns!","og_url":"https:\/\/www.smartray.com\/de\/unternehmen\/technologie\/","og_site_name":"SmartRay","article_modified_time":"2026-01-28T15:08:11+00:00","og_image":[{"url":"https:\/\/www.smartray.com\/\/wp-content\/uploads\/2015\/04\/paint-cloud.png","type":"","width":"","height":""}],"twitter_card":"summary_large_image","twitter_misc":{"Gesch\u00e4tzte Lesezeit":"7\u00a0Minuten"},"schema":{"@context":"https:\/\/schema.org","@graph":[{"@type":"WebPage","@id":"https:\/\/www.smartray.com\/de\/unternehmen\/technologie\/","url":"https:\/\/www.smartray.com\/de\/unternehmen\/technologie\/","name":"SmartRay Technologie in der richtigen Anwendung","isPartOf":{"@id":"https:\/\/www.smartray.com\/de\/#website"},"primaryImageOfPage":{"@id":"https:\/\/www.smartray.com\/de\/unternehmen\/technologie\/#primaryimage"},"image":{"@id":"https:\/\/www.smartray.com\/de\/unternehmen\/technologie\/#primaryimage"},"thumbnailUrl":"https:\/\/www.smartray.com\/\/wp-content\/uploads\/2015\/04\/paint-cloud.png","datePublished":"2015-04-14T10:07:07+00:00","dateModified":"2026-01-28T15:08:11+00:00","description":"Wir konzentrieren uns auf eine Reihe von wesentlichen und propriet\u00e4ren Technologien, die kombiniert den 3D-Sensor-Markt neu definieren. Testen Sie uns!","breadcrumb":{"@id":"https:\/\/www.smartray.com\/de\/unternehmen\/technologie\/#breadcrumb"},"inLanguage":"de","potentialAction":[{"@type":"ReadAction","target":["https:\/\/www.smartray.com\/de\/unternehmen\/technologie\/"]}]},{"@type":"ImageObject","inLanguage":"de","@id":"https:\/\/www.smartray.com\/de\/unternehmen\/technologie\/#primaryimage","url":"https:\/\/www.smartray.com\/\/wp-content\/uploads\/2015\/04\/paint-cloud.png","contentUrl":"https:\/\/www.smartray.com\/\/wp-content\/uploads\/2015\/04\/paint-cloud.png"},{"@type":"BreadcrumbList","@id":"https:\/\/www.smartray.com\/de\/unternehmen\/technologie\/#breadcrumb","itemListElement":[{"@type":"ListItem","position":1,"name":"Home","item":"https:\/\/www.smartray.com\/de\/"},{"@type":"ListItem","position":2,"name":"Unternehmen","item":"https:\/\/www.smartray.com\/de\/unternehmen\/"},{"@type":"ListItem","position":3,"name":"Technologie"}]},{"@type":"WebSite","@id":"https:\/\/www.smartray.com\/de\/#website","url":"https:\/\/www.smartray.com\/de\/","name":"SmartRay","description":"Cutting-edge 3D sensors for inspection, guidance and measurement","potentialAction":[{"@type":"SearchAction","target":{"@type":"EntryPoint","urlTemplate":"https:\/\/www.smartray.com\/de\/?s={search_term_string}"},"query-input":{"@type":"PropertyValueSpecification","valueRequired":true,"valueName":"search_term_string"}}],"inLanguage":"de"}]}},"_links":{"self":[{"href":"https:\/\/www.smartray.com\/de\/wp-json\/wp\/v2\/pages\/13786","targetHints":{"allow":["GET"]}}],"collection":[{"href":"https:\/\/www.smartray.com\/de\/wp-json\/wp\/v2\/pages"}],"about":[{"href":"https:\/\/www.smartray.com\/de\/wp-json\/wp\/v2\/types\/page"}],"author":[{"embeddable":true,"href":"https:\/\/www.smartray.com\/de\/wp-json\/wp\/v2\/users\/12"}],"replies":[{"embeddable":true,"href":"https:\/\/www.smartray.com\/de\/wp-json\/wp\/v2\/comments?post=13786"}],"version-history":[{"count":8,"href":"https:\/\/www.smartray.com\/de\/wp-json\/wp\/v2\/pages\/13786\/revisions"}],"predecessor-version":[{"id":23752,"href":"https:\/\/www.smartray.com\/de\/wp-json\/wp\/v2\/pages\/13786\/revisions\/23752"}],"up":[{"embeddable":true,"href":"https:\/\/www.smartray.com\/de\/wp-json\/wp\/v2\/pages\/20590"}],"wp:attachment":[{"href":"https:\/\/www.smartray.com\/de\/wp-json\/wp\/v2\/media?parent=13786"}],"curies":[{"name":"wp","href":"https:\/\/api.w.org\/{rel}","templated":true}]}}