{"id":13792,"date":"2015-04-14T10:07:07","date_gmt":"2015-04-14T10:07:07","guid":{"rendered":"https:\/\/www.smartray.com\/de\/senior-management\/"},"modified":"2020-08-28T18:58:51","modified_gmt":"2020-08-28T18:58:51","slug":"senior-management","status":"publish","type":"page","link":"https:\/\/www.smartray.com\/de\/unternehmen\/senior-management\/","title":{"rendered":"Senior Management"},"content":{"rendered":"<p><div class=\"fusion-fullwidth fullwidth-box fusion-builder-row-1 nonhundred-percent-fullwidth non-hundred-percent-height-scrolling typo_unterseite_green\" style=\"--awb-background-position:left top;--awb-border-radius-top-left:0px;--awb-border-radius-top-right:0px;--awb-border-radius-bottom-right:0px;--awb-border-radius-bottom-left:0px;--awb-padding-top:20px;--awb-padding-bottom:0px;--awb-flex-wrap:wrap;\" ><div class=\"fusion-builder-row fusion-row\"><div class=\"fusion-layout-column fusion_builder_column fusion-builder-column-0 fusion_builder_column_1_3 1_3 fusion-one-third fusion-column-first\" style=\"--awb-bg-size:cover;width:30.6666%; margin-right: 4%;\"><div class=\"fusion-column-wrapper fusion-flex-column-wrapper-legacy\"><div class=\"fusion-image-element in-legacy-container\" style=\"--awb-caption-title-font-family:var(--h2_typography-font-family);--awb-caption-title-font-weight:var(--h2_typography-font-weight);--awb-caption-title-font-style:var(--h2_typography-font-style);--awb-caption-title-size:var(--h2_typography-font-size);--awb-caption-title-transform:var(--h2_typography-text-transform);--awb-caption-title-line-height:var(--h2_typography-line-height);--awb-caption-title-letter-spacing:var(--h2_typography-letter-spacing);\"><span class=\" fusion-imageframe imageframe-none imageframe-1 hover-type-none\"><img decoding=\"async\" src=\"https:\/\/www.smartray.com\/\/wp-content\/uploads\/2015\/04\/reiter.jpg\" alt class=\"img-responsive\"\/><\/span><\/div><div class=\"fusion-sep-clear\"><\/div><div class=\"fusion-separator fusion-full-width-sep\" style=\"margin-left: auto;margin-right: auto;margin-top:10px;margin-bottom:10px;width:100%;\"><\/div><div class=\"fusion-sep-clear\"><\/div><div class=\"fusion-text fusion-text-1\"><p>Nach vielen Jahren Erfahrung in der Bildverarbeitungsbranche gr\u00fcndete Mathias Reiter die RVS GmbH. Er entwickelte und lieferte die ersten Highspeed-3D Sensoren in Serie. 2007 erfolgte die Umfirmierung zur SmartRay GmbH.<\/p>\n<\/div><div class=\"fusion-clearfix\"><\/div><\/div><\/div><div class=\"fusion-layout-column fusion_builder_column fusion-builder-column-1 fusion_builder_column_1_3 1_3 fusion-one-third\" style=\"--awb-bg-size:cover;width:30.6666%; margin-right: 4%;\"><div class=\"fusion-column-wrapper fusion-flex-column-wrapper-legacy\"><div class=\"fusion-image-element in-legacy-container\" style=\"--awb-caption-title-font-family:var(--h2_typography-font-family);--awb-caption-title-font-weight:var(--h2_typography-font-weight);--awb-caption-title-font-style:var(--h2_typography-font-style);--awb-caption-title-size:var(--h2_typography-font-size);--awb-caption-title-transform:var(--h2_typography-text-transform);--awb-caption-title-line-height:var(--h2_typography-line-height);--awb-caption-title-letter-spacing:var(--h2_typography-letter-spacing);\"><span class=\" fusion-imageframe imageframe-none imageframe-2 hover-type-none\"><img decoding=\"async\" src=\"https:\/\/www.smartray.com\/\/wp-content\/uploads\/2015\/04\/Ceyrolle.jpg\" alt class=\"img-responsive\"\/><\/span><\/div><div class=\"fusion-sep-clear\"><\/div><div class=\"fusion-separator fusion-full-width-sep\" style=\"margin-left: auto;margin-right: auto;margin-top:10px;margin-bottom:10px;width:100%;\"><\/div><div class=\"fusion-sep-clear\"><\/div><div class=\"fusion-text fusion-text-2\"><p>Eric Ceyrolle ist Senior Executive Advisor f\u00fcr SmartRay. Eric arbeitete \u00fcber 25 Jahre in der Bildverarbeitungsbranche in Europa, Asien und den USA f\u00fcr Unternehmen wie Cognex Corporation und Isra Vision.<\/p>\n<\/div><div class=\"fusion-clearfix\"><\/div><\/div><\/div><div class=\"fusion-layout-column fusion_builder_column fusion-builder-column-2 fusion_builder_column_1_3 1_3 fusion-one-third fusion-column-last\" style=\"--awb-bg-size:cover;width:30.6666%;\"><div class=\"fusion-column-wrapper fusion-flex-column-wrapper-legacy\"><div class=\"fusion-image-element in-legacy-container\" style=\"--awb-caption-title-font-family:var(--h2_typography-font-family);--awb-caption-title-font-weight:var(--h2_typography-font-weight);--awb-caption-title-font-style:var(--h2_typography-font-style);--awb-caption-title-size:var(--h2_typography-font-size);--awb-caption-title-transform:var(--h2_typography-text-transform);--awb-caption-title-line-height:var(--h2_typography-line-height);--awb-caption-title-letter-spacing:var(--h2_typography-letter-spacing);\"><span class=\" fusion-imageframe imageframe-none imageframe-3 hover-type-none\"><img decoding=\"async\" width=\"1200\" height=\"621\" alt=\"Ettore Cucchetti \" title=\"Ettore-Cucchetti-2\" src=\"https:\/\/www.smartray.com\/wp-content\/uploads\/2020\/06\/Ettore-Cucchetti-2.jpg\" class=\"img-responsive wp-image-18744\" srcset=\"https:\/\/www.smartray.com\/wp-content\/uploads\/2020\/06\/Ettore-Cucchetti-2-200x104.jpg 200w, https:\/\/www.smartray.com\/wp-content\/uploads\/2020\/06\/Ettore-Cucchetti-2-400x207.jpg 400w, https:\/\/www.smartray.com\/wp-content\/uploads\/2020\/06\/Ettore-Cucchetti-2-600x311.jpg 600w, https:\/\/www.smartray.com\/wp-content\/uploads\/2020\/06\/Ettore-Cucchetti-2-800x414.jpg 800w, https:\/\/www.smartray.com\/wp-content\/uploads\/2020\/06\/Ettore-Cucchetti-2.jpg 1200w\" sizes=\"(max-width: 800px) 100vw, 400px\" \/><\/span><\/div><div class=\"fusion-sep-clear\"><\/div><div class=\"fusion-separator fusion-full-width-sep\" style=\"margin-left: auto;margin-right: auto;margin-top:10px;margin-bottom:10px;width:100%;\"><\/div><div class=\"fusion-sep-clear\"><\/div><div class=\"fusion-text fusion-text-3\"><p>Ettore Cucchetti ist seit dem 1. Juni 2020 Gesch\u00e4ftsf\u00fchrer der SmartRay GmbH. Er ist eine international erfahrene F\u00fchrungskraft mit umfassender Erfahrung und Erfolgen in der Bildverarbeitungs- und Automatisierungsbranche f\u00fcr Unternehmen wie Cognex und Isra Vision.<\/p>\n<\/div><div class=\"fusion-clearfix\"><\/div><\/div><\/div><\/div><\/div><div class=\"fusion-fullwidth fullwidth-box fusion-builder-row-2 nonhundred-percent-fullwidth non-hundred-percent-height-scrolling dl_home_testimonials_wrapper\" style=\"--awb-background-position:left top;--awb-border-sizes-top:0px;--awb-border-sizes-bottom:0px;--awb-border-sizes-left:0px;--awb-border-sizes-right:0px;--awb-border-radius-top-left:0px;--awb-border-radius-top-right:0px;--awb-border-radius-bottom-right:0px;--awb-border-radius-bottom-left:0px;--awb-padding-top:20px;--awb-padding-bottom:20px;--awb-flex-wrap:wrap;\" id=\"dl_home_testimonials\" ><div class=\"fusion-builder-row fusion-row\"><div class=\"fusion-layout-column fusion_builder_column fusion-builder-column-3 fusion_builder_column_1_3 1_3 fusion-one-third fusion-column-first\" style=\"--awb-bg-size:cover;width:30.6666%; margin-right: 4%;\"><div class=\"fusion-column-wrapper fusion-flex-column-wrapper-legacy\"><div class=\"fusion-testimonials classic awb-speech-bubble-show fusion-testimonials-1\" style=\"--awb-textcolor:#000000;--awb-backgroundcolor:rgba(255,255,255,0);--awb-testimonial-border-style:solid;--awb-testimonial-border-color:var(--awb-color3);--awb-border-top-left-radius:0px;--awb-border-top-right-radius:0px;--awb-border-bottom-left-radius:0px;--awb-border-bottom-right-radius:0px;--testimonial-border-width-top:0px;--testimonial-border-width-right:0px;--testimonial-border-width-bottom:0px;--testimonial-border-width-left:0px;\" data-random=\"0\" data-speed=\"4000\"><div class=\"reviews\"><div class=\"review active-testimonial male\"><blockquote><div class=\"awb-quote\"><div class=\"awb-quote-content\">Ein Unternehmen zu gr\u00fcnden und zu sehen, was daraus entstanden ist, begeistert mich noch heute. Es ist eine gro\u00dfe Herausforderung ein erfolgreiches High-Tech-Unternehmen aufzubauen. Ich bin stolz auf das SmartRay-Team, dass mit Professionalit\u00e4t und Enthusiasmus unser 3D-Gesch\u00e4ft weiterentwickelt.<\/div><\/div><span class=\"awb-triangle\"><\/span><\/blockquote><div class=\"author\"><span class=\"testimonial-thumbnail doe\"><\/span><span class=\"company-name\"><strong>Mathias Reiter<\/strong><span>, <\/span><span>Gesch\u00e4ftsf\u00fchrer \/ Gr\u00fcnder &amp; Eigent\u00fcmer<\/span><\/span><\/div><\/div><\/div><\/div><div class=\"fusion-clearfix\"><\/div><\/div><\/div><div class=\"fusion-layout-column fusion_builder_column fusion-builder-column-4 fusion_builder_column_1_3 1_3 fusion-one-third\" style=\"--awb-bg-size:cover;width:30.6666%; margin-right: 4%;\"><div class=\"fusion-column-wrapper fusion-flex-column-wrapper-legacy\"><div class=\"fusion-testimonials classic awb-speech-bubble-show fusion-testimonials-2\" style=\"--awb-textcolor:#000000;--awb-backgroundcolor:rgba(255,255,255,0);--awb-testimonial-border-style:solid;--awb-testimonial-border-color:var(--awb-color3);--awb-border-top-left-radius:0px;--awb-border-top-right-radius:0px;--awb-border-bottom-left-radius:0px;--awb-border-bottom-right-radius:0px;--testimonial-border-width-top:0px;--testimonial-border-width-right:0px;--testimonial-border-width-bottom:0px;--testimonial-border-width-left:0px;\" data-random=\"0\" data-speed=\"4000\"><div class=\"reviews\"><div class=\"review active-testimonial male\"><blockquote><div class=\"awb-quote\"><div class=\"awb-quote-content\">Ich war sehr beeindruckt, wie SmartRay so viele innovative Technologien in der 3D-Sensorik kombiniert. Deshalb freue ich mich SmartRay dabei zu unterst\u00fctzen spannende, neue M\u00e4rkte zu erobern. Es macht mir gro\u00dfen Spa\u00df meine internationale Erfahrung hier einzubringen und mit dem Team daran zu arbeiten aus SmartRay einen echten Global Player zu machen.<\/div><\/div><span class=\"awb-triangle\"><\/span><\/blockquote><div class=\"author\"><span class=\"testimonial-thumbnail doe\"><\/span><span class=\"company-name\"><strong>Eric Ceyrolle<\/strong><span>, <\/span><span>Senior Executive Advisor<\/span><\/span><\/div><\/div><\/div><\/div><div class=\"fusion-clearfix\"><\/div><\/div><\/div><div class=\"fusion-layout-column fusion_builder_column fusion-builder-column-5 fusion_builder_column_1_3 1_3 fusion-one-third fusion-column-last\" style=\"--awb-bg-size:cover;width:30.6666%;\"><div class=\"fusion-column-wrapper fusion-flex-column-wrapper-legacy\"><div class=\"fusion-testimonials classic awb-speech-bubble-show fusion-testimonials-3\" style=\"--awb-textcolor:#000000;--awb-backgroundcolor:rgba(255,255,255,0);--awb-testimonial-border-style:solid;--awb-testimonial-border-color:var(--awb-color3);--awb-border-top-left-radius:0px;--awb-border-top-right-radius:0px;--awb-border-bottom-left-radius:0px;--awb-border-bottom-right-radius:0px;--testimonial-border-width-top:0px;--testimonial-border-width-right:0px;--testimonial-border-width-bottom:0px;--testimonial-border-width-left:0px;\" data-random=\"0\" data-speed=\"4000\"><div class=\"reviews\"><div class=\"review active-testimonial male\"><blockquote><div class=\"awb-quote\"><div class=\"awb-quote-content\">Ich freue mich sehr, SmartRay bei seiner Mission zu unterst\u00fctzen, ein weltweit f\u00fchrender Anbieter von 3D-Messtechnik f\u00fcr Inline-Inspektionen zu werden. Mit der Kombination aus einer gro\u00dfartiger Technologie, umfassendem 3D-Know-how und der richtigen Strategie f\u00fcr die Globalisierung, bin ich zuversichtlich, dass mehr Kunden von unseren preisg\u00fcnstigsten 3D-Sensoren in allen Fertigungsbereichen profitieren k\u00f6nnen.<\/div><\/div><span class=\"awb-triangle\"><\/span><\/blockquote><div class=\"author\"><span class=\"testimonial-thumbnail doe\"><\/span><span class=\"company-name\"><strong>Ettore Cucchetti<\/strong><span>, <\/span><span>Gesch\u00e4ftsf\u00fchrer<\/span><\/span><\/div><\/div><\/div><\/div><div class=\"fusion-clearfix\"><\/div><\/div><\/div><\/div><\/div><\/p>\n","protected":false},"excerpt":{"rendered":"","protected":false},"author":12,"featured_media":0,"parent":20590,"menu_order":4,"comment_status":"closed","ping_status":"closed","template":"100-width.php","meta":{"footnotes":""},"class_list":["post-13792","page","type-page","status-publish","hentry"],"yoast_head":"<!-- This site is optimized with the Yoast SEO plugin v27.3 - https:\/\/yoast.com\/product\/yoast-seo-wordpress\/ -->\n<title>Management - SmartRay GmbH<\/title>\n<meta name=\"description\" content=\"Mathias Reiter gr\u00fcndete die RVS GmbH als SmartRay GmbH im Jahr 2007 \u2713 Eric Ceyrolle ist seit 2014 in der Gesch\u00e4ftsf\u00fchrung bei SmartRay \u2713 weiterlesen ...\" \/>\n<meta name=\"robots\" content=\"index, follow, max-snippet:-1, max-image-preview:large, max-video-preview:-1\" \/>\n<link rel=\"canonical\" href=\"https:\/\/www.smartray.com\/de\/unternehmen\/senior-management\/\" \/>\n<meta property=\"og:locale\" content=\"de_DE\" \/>\n<meta property=\"og:type\" content=\"article\" \/>\n<meta property=\"og:title\" content=\"Management - SmartRay GmbH\" \/>\n<meta property=\"og:description\" content=\"Mathias Reiter gr\u00fcndete die RVS GmbH als SmartRay GmbH im Jahr 2007 \u2713 Eric Ceyrolle ist seit 2014 in der Gesch\u00e4ftsf\u00fchrung bei SmartRay \u2713 weiterlesen ...\" \/>\n<meta property=\"og:url\" content=\"https:\/\/www.smartray.com\/de\/unternehmen\/senior-management\/\" \/>\n<meta property=\"og:site_name\" content=\"SmartRay\" \/>\n<meta property=\"article:modified_time\" content=\"2020-08-28T18:58:51+00:00\" \/>\n<meta property=\"og:image\" content=\"https:\/\/www.smartray.com\/\/wp-content\/uploads\/2015\/04\/reiter.jpg\" \/>\n<meta name=\"twitter:card\" content=\"summary_large_image\" \/>\n<meta name=\"twitter:label1\" content=\"Gesch\u00e4tzte Lesezeit\" \/>\n\t<meta name=\"twitter:data1\" content=\"8\u00a0Minuten\" \/>\n<script type=\"application\/ld+json\" class=\"yoast-schema-graph\">{\"@context\":\"https:\\\/\\\/schema.org\",\"@graph\":[{\"@type\":\"WebPage\",\"@id\":\"https:\\\/\\\/www.smartray.com\\\/de\\\/unternehmen\\\/senior-management\\\/\",\"url\":\"https:\\\/\\\/www.smartray.com\\\/de\\\/unternehmen\\\/senior-management\\\/\",\"name\":\"Management - SmartRay GmbH\",\"isPartOf\":{\"@id\":\"https:\\\/\\\/www.smartray.com\\\/de\\\/#website\"},\"primaryImageOfPage\":{\"@id\":\"https:\\\/\\\/www.smartray.com\\\/de\\\/unternehmen\\\/senior-management\\\/#primaryimage\"},\"image\":{\"@id\":\"https:\\\/\\\/www.smartray.com\\\/de\\\/unternehmen\\\/senior-management\\\/#primaryimage\"},\"thumbnailUrl\":\"https:\\\/\\\/www.smartray.com\\\/\\\/wp-content\\\/uploads\\\/2015\\\/04\\\/reiter.jpg\",\"datePublished\":\"2015-04-14T10:07:07+00:00\",\"dateModified\":\"2020-08-28T18:58:51+00:00\",\"description\":\"Mathias Reiter gr\u00fcndete die RVS GmbH als SmartRay GmbH im Jahr 2007 \u2713 Eric Ceyrolle ist seit 2014 in der Gesch\u00e4ftsf\u00fchrung bei SmartRay \u2713 weiterlesen ...\",\"breadcrumb\":{\"@id\":\"https:\\\/\\\/www.smartray.com\\\/de\\\/unternehmen\\\/senior-management\\\/#breadcrumb\"},\"inLanguage\":\"de\",\"potentialAction\":[{\"@type\":\"ReadAction\",\"target\":[\"https:\\\/\\\/www.smartray.com\\\/de\\\/unternehmen\\\/senior-management\\\/\"]}]},{\"@type\":\"ImageObject\",\"inLanguage\":\"de\",\"@id\":\"https:\\\/\\\/www.smartray.com\\\/de\\\/unternehmen\\\/senior-management\\\/#primaryimage\",\"url\":\"https:\\\/\\\/www.smartray.com\\\/\\\/wp-content\\\/uploads\\\/2015\\\/04\\\/reiter.jpg\",\"contentUrl\":\"https:\\\/\\\/www.smartray.com\\\/\\\/wp-content\\\/uploads\\\/2015\\\/04\\\/reiter.jpg\"},{\"@type\":\"BreadcrumbList\",\"@id\":\"https:\\\/\\\/www.smartray.com\\\/de\\\/unternehmen\\\/senior-management\\\/#breadcrumb\",\"itemListElement\":[{\"@type\":\"ListItem\",\"position\":1,\"name\":\"Home\",\"item\":\"https:\\\/\\\/www.smartray.com\\\/de\\\/\"},{\"@type\":\"ListItem\",\"position\":2,\"name\":\"Unternehmen\",\"item\":\"https:\\\/\\\/www.smartray.com\\\/de\\\/unternehmen\\\/\"},{\"@type\":\"ListItem\",\"position\":3,\"name\":\"Senior Management\"}]},{\"@type\":\"WebSite\",\"@id\":\"https:\\\/\\\/www.smartray.com\\\/de\\\/#website\",\"url\":\"https:\\\/\\\/www.smartray.com\\\/de\\\/\",\"name\":\"SmartRay\",\"description\":\"Cutting-edge 3D sensors for inspection, guidance and measurement\",\"potentialAction\":[{\"@type\":\"SearchAction\",\"target\":{\"@type\":\"EntryPoint\",\"urlTemplate\":\"https:\\\/\\\/www.smartray.com\\\/de\\\/?s={search_term_string}\"},\"query-input\":{\"@type\":\"PropertyValueSpecification\",\"valueRequired\":true,\"valueName\":\"search_term_string\"}}],\"inLanguage\":\"de\"}]}<\/script>\n<!-- \/ Yoast SEO plugin. -->","yoast_head_json":{"title":"Management - SmartRay GmbH","description":"Mathias Reiter gr\u00fcndete die RVS GmbH als SmartRay GmbH im Jahr 2007 \u2713 Eric Ceyrolle ist seit 2014 in der Gesch\u00e4ftsf\u00fchrung bei SmartRay \u2713 weiterlesen ...","robots":{"index":"index","follow":"follow","max-snippet":"max-snippet:-1","max-image-preview":"max-image-preview:large","max-video-preview":"max-video-preview:-1"},"canonical":"https:\/\/www.smartray.com\/de\/unternehmen\/senior-management\/","og_locale":"de_DE","og_type":"article","og_title":"Management - SmartRay GmbH","og_description":"Mathias Reiter gr\u00fcndete die RVS GmbH als SmartRay GmbH im Jahr 2007 \u2713 Eric Ceyrolle ist seit 2014 in der Gesch\u00e4ftsf\u00fchrung bei SmartRay \u2713 weiterlesen ...","og_url":"https:\/\/www.smartray.com\/de\/unternehmen\/senior-management\/","og_site_name":"SmartRay","article_modified_time":"2020-08-28T18:58:51+00:00","og_image":[{"url":"https:\/\/www.smartray.com\/\/wp-content\/uploads\/2015\/04\/reiter.jpg","type":"","width":"","height":""}],"twitter_card":"summary_large_image","twitter_misc":{"Gesch\u00e4tzte Lesezeit":"8\u00a0Minuten"},"schema":{"@context":"https:\/\/schema.org","@graph":[{"@type":"WebPage","@id":"https:\/\/www.smartray.com\/de\/unternehmen\/senior-management\/","url":"https:\/\/www.smartray.com\/de\/unternehmen\/senior-management\/","name":"Management - SmartRay GmbH","isPartOf":{"@id":"https:\/\/www.smartray.com\/de\/#website"},"primaryImageOfPage":{"@id":"https:\/\/www.smartray.com\/de\/unternehmen\/senior-management\/#primaryimage"},"image":{"@id":"https:\/\/www.smartray.com\/de\/unternehmen\/senior-management\/#primaryimage"},"thumbnailUrl":"https:\/\/www.smartray.com\/\/wp-content\/uploads\/2015\/04\/reiter.jpg","datePublished":"2015-04-14T10:07:07+00:00","dateModified":"2020-08-28T18:58:51+00:00","description":"Mathias Reiter gr\u00fcndete die RVS GmbH als SmartRay GmbH im Jahr 2007 \u2713 Eric Ceyrolle ist seit 2014 in der Gesch\u00e4ftsf\u00fchrung bei SmartRay \u2713 weiterlesen ...","breadcrumb":{"@id":"https:\/\/www.smartray.com\/de\/unternehmen\/senior-management\/#breadcrumb"},"inLanguage":"de","potentialAction":[{"@type":"ReadAction","target":["https:\/\/www.smartray.com\/de\/unternehmen\/senior-management\/"]}]},{"@type":"ImageObject","inLanguage":"de","@id":"https:\/\/www.smartray.com\/de\/unternehmen\/senior-management\/#primaryimage","url":"https:\/\/www.smartray.com\/\/wp-content\/uploads\/2015\/04\/reiter.jpg","contentUrl":"https:\/\/www.smartray.com\/\/wp-content\/uploads\/2015\/04\/reiter.jpg"},{"@type":"BreadcrumbList","@id":"https:\/\/www.smartray.com\/de\/unternehmen\/senior-management\/#breadcrumb","itemListElement":[{"@type":"ListItem","position":1,"name":"Home","item":"https:\/\/www.smartray.com\/de\/"},{"@type":"ListItem","position":2,"name":"Unternehmen","item":"https:\/\/www.smartray.com\/de\/unternehmen\/"},{"@type":"ListItem","position":3,"name":"Senior Management"}]},{"@type":"WebSite","@id":"https:\/\/www.smartray.com\/de\/#website","url":"https:\/\/www.smartray.com\/de\/","name":"SmartRay","description":"Cutting-edge 3D sensors for inspection, guidance and measurement","potentialAction":[{"@type":"SearchAction","target":{"@type":"EntryPoint","urlTemplate":"https:\/\/www.smartray.com\/de\/?s={search_term_string}"},"query-input":{"@type":"PropertyValueSpecification","valueRequired":true,"valueName":"search_term_string"}}],"inLanguage":"de"}]}},"_links":{"self":[{"href":"https:\/\/www.smartray.com\/de\/wp-json\/wp\/v2\/pages\/13792","targetHints":{"allow":["GET"]}}],"collection":[{"href":"https:\/\/www.smartray.com\/de\/wp-json\/wp\/v2\/pages"}],"about":[{"href":"https:\/\/www.smartray.com\/de\/wp-json\/wp\/v2\/types\/page"}],"author":[{"embeddable":true,"href":"https:\/\/www.smartray.com\/de\/wp-json\/wp\/v2\/users\/12"}],"replies":[{"embeddable":true,"href":"https:\/\/www.smartray.com\/de\/wp-json\/wp\/v2\/comments?post=13792"}],"version-history":[{"count":13,"href":"https:\/\/www.smartray.com\/de\/wp-json\/wp\/v2\/pages\/13792\/revisions"}],"predecessor-version":[{"id":20536,"href":"https:\/\/www.smartray.com\/de\/wp-json\/wp\/v2\/pages\/13792\/revisions\/20536"}],"up":[{"embeddable":true,"href":"https:\/\/www.smartray.com\/de\/wp-json\/wp\/v2\/pages\/20590"}],"wp:attachment":[{"href":"https:\/\/www.smartray.com\/de\/wp-json\/wp\/v2\/media?parent=13792"}],"curies":[{"name":"wp","href":"https:\/\/api.w.org\/{rel}","templated":true}]}}