{"id":14107,"date":"2015-04-29T08:52:57","date_gmt":"2015-04-14T10:07:07","guid":{"rendered":"https:\/\/www.smartray.com\/de\/imprint\/"},"modified":"2026-03-19T10:07:18","modified_gmt":"2026-03-19T10:07:18","slug":"impressum","status":"publish","type":"page","link":"https:\/\/www.smartray.com\/de\/impressum\/","title":{"rendered":"SmartRay Impressum"},"content":{"rendered":"<div class=\"fusion-fullwidth fullwidth-box fusion-builder-row-1 nonhundred-percent-fullwidth non-hundred-percent-height-scrolling typo_unterseite_green\" style=\"--awb-background-position:left top;--awb-border-sizes-top:0px;--awb-border-sizes-bottom:0px;--awb-border-sizes-left:0px;--awb-border-sizes-right:0px;--awb-border-radius-top-left:0px;--awb-border-radius-top-right:0px;--awb-border-radius-bottom-right:0px;--awb-border-radius-bottom-left:0px;--awb-padding-top:20px;--awb-padding-bottom:0px;--awb-flex-wrap:wrap;\" ><div class=\"fusion-builder-row fusion-row\"><div class=\"fusion-layout-column fusion_builder_column fusion-builder-column-0 fusion_builder_column_3_4 3_4 fusion-three-fourth fusion-column-first\" style=\"--awb-bg-size:cover;width:74%; margin-right: 4%;\"><div class=\"fusion-column-wrapper fusion-flex-column-wrapper-legacy\"><div class=\"fusion-text fusion-text-1\"><h2>Rechtliche Hinweise<\/h2>\n<h3>Haftungshinweis zu Verkn\u00fcpfungen (&#8222;Hyperlinks&#8220;):<\/h3>\n<p>Unser Online-Angebot enth\u00e4lt Hyperlinks (Verkn\u00fcpfungen) zu anderen Websites. Trotz sorgf\u00e4ltiger inhaltlicher Kontrolle \u00fcbernehmen wir keine Haftung f\u00fcr die Inhalte externer Hyperlinks (Verkn\u00fcpfungen). F\u00fcr den Inhalt der verlinkten (verkn\u00fcpften) Seiten sind ausschlie\u00dflich deren Betreiber verantwortlich. SmartRay GmbH ist f\u00fcr die Datenschutzrichtlinien oder den Inhalt dieser anderen Websites nicht verantwortlich.<\/p>\n<h3>Unverbindlichkeit der Information und \u00c4nderungsvorbehalt:<\/h3>\n<p>Trotz sorgf\u00e4ltiger und best\u00e4ndiger Pflege unserer WWW-Seiten, k\u00f6nnen die enthaltenen Informationen zu unseren Produkten und Dienstleistungen veraltet, fehlerhaft oder unvollst\u00e4ndig sein. Die SmartRay GmbH \u00fcbernimmt keinerlei Gew\u00e4hr oder Haftung f\u00fcr die Aktualit\u00e4t, Richtigkeit oder Vollst\u00e4ndigkeit der Informationen auf ihren WWW-Seiten. Die Informationen stellen keine zugesicherten Eigenschaften dar.<\/p>\n<p>Alle Angaben sind freibleibend und unverbindlich. Die SmartRay GmbH beh\u00e4lt sich vor, ihren Internetauftritt oder Teile davon ohne gesonderte Ank\u00fcndigung zu ver\u00e4ndern, zu erg\u00e4nzen, zu l\u00f6schen oder die Ver\u00f6ffentlichung zeitweise oder endg\u00fcltig einzustellen.<\/p>\n<h3>Urheber-, Marken- und andere Schutzrechte:<\/h3>\n<p>\u00a9 Copyright SmartRay GmbH. Alle Rechte vorbehalten. Inhalt und Gestaltung aller Seiten dieses Internetauftritts unterliegen dem Schutz des Urheberrechts und anderer Schutzgesetze. Sie d\u00fcrfen ganz oder in Ausz\u00fcgen nur zum pers\u00f6nlichen, nicht kommerziellen Gebrauch verwendet werden. Soweit Inhalte und Bestandteile des Internetauftritts hiernach zul\u00e4ssigerweise gespeichert, vervielf\u00e4ltigt oder verbreitet werden, muss auf das Urheberrecht von SmartRay GmbH hingewiesen werden. Die Inhalte d\u00fcrfen nicht ver\u00e4ndert oder ohne schriftliche Genehmigung der SmartRay GmbH auf anderen Internetseiten genutzt werden. Die in diesem Internetauftritt wiedergegebenen Inhalte, wie zum Beispiel Bilder, k\u00f6nnen zudem auch dem Urheberrecht Dritter unterliegen.<\/p>\n<p>Die innerhalb dieses Internetauftritts enthaltenen und rechtlich gesch\u00fctzten Produktnamen, Bezeichnungen der SmartRay GmbH unterliegen den gesetzlichen Bestimmungen. &#8222;SmartRay GmbH&#8220; und &#8222;ECCO&#8220; sind eingetragene Warenzeichen der SmartRay GmbH.<\/p>\n<p>Die Bezeichnungen bzw. Zeichen anderer Firmen, die innerhalb des Internetauftritt der SmartRay GmbH dargestellt werden, k\u00f6nnen rechtlich gesch\u00fctzt sein und unterliegen gegebenenfalls als eingetragene Warenzeichen den gesetzlichen Bestimmungen.<\/p>\n<h3>Die Verwendung von Cookies:<\/h3>\n<p>Auf unserer Website werden sogenannte Cookies verwendet. Dies sind kleine Textdateien, die auf Ihrer Festplatte gespeichert werden. Die Verwendung von Cookies kann jederzeit \u00fcber die Einstellungen Ihres Browsers deaktiviert werden. Die Cookies unserer Website erheben keinerlei pers\u00f6nliche Daten. F\u00fcr gew\u00f6hnlich werden auf unseren Websites Cookies nur f\u00fcr eine verbesserte Benutzerf\u00fchrung und zur anonymen, statistischen Auswertung verwendet. Cookies richten auf Ihrem Rechner keinen Schaden an und enthalten weder Viren noch andere Schaden verursachende Tools.<\/p>\n<h3>Datenschutzhinweis:<\/h3>\n<p>Beim Zugriff auf Seiten dieses Internetauftritts werden m\u00f6gliche Identifizierungsdaten (IP-Adresse) und weitere Angaben (wie z.B. Datum, Uhrzeit, betrachtete Seiten) auf dem Server der SmartRay GmbH gespeichert. Diese Daten k\u00f6nnen f\u00fcr statistische Zwecke in anonymisierter Form ausgewertet werden, eine weitergehende Auswertung oder eine Weitergabe an Dritte erfolgt nicht.<\/p>\n<p>Wir geben Ihre personenbezogenen Daten nur dann an Dritte weiter, wenn Sie zuvor in die Weitergabe eingewilligt haben. Im Rahmen Ihrer Einwilligung erhalten Sie umfassende Informationen dar\u00fcber, zu welchen Zwecken diese Daten weitergegeben werden sollen und wie sie Ihre Einwilligung in die Weitergabe widerrufen k\u00f6nnen. Wir legen Daten gegen\u00fcber staatlichen Stellen nur dann offen, wenn hierf\u00fcr eine gesetzliche Verpflichtung besteht. Ihre Identit\u00e4t geben wir gegen\u00fcber Dritten nur dann preis, wenn wir gesetzlich dazu verpflichtet sind. Dies gilt zum Beispiel gegen\u00fcber Strafverfolgungsbeh\u00f6rden, wenn eine entsprechende Rechtsgrundlage i. S. d. Strafprozessordnung (StPO) oder des Telekommunikationsgesetzes (TKG) vorliegt. In bestimmten F\u00e4llen beauftragen wir andere Unternehmen mit der Verarbeitung von personenbezogenen Daten f\u00fcr uns (Auftragsdatenverarbeitung). Wir verpflichten diese Unternehmen, die Daten so zu behandeln wie wir es selbst tun w\u00fcrden.<\/p>\n<h3>Erl\u00e4uterung: Was sind personenbezogene Daten?<\/h3>\n<p>Personenbezogene Daten sind Einzelangaben \u00fcber pers\u00f6nliche oder sachliche Verh\u00e4ltnisse einer bestimmten oder bestimmbaren nat\u00fcrlichen Person, \u00a7 3 BDSG. Zum Beispiel Ihr Name, Adresse, Anschrift, Telefonnummer, unter Umst\u00e4nden auch Ihre IP-Nummer.<\/p>\n<p>Die bei einer Registrierung oder einer Anfrage werden die angegeben Daten werden unter strenger Beachtung der Vorschriften zum Datenschutz vertraulich behandelt und ausschlie\u00dflich verwendet, um eine optimale Kundenbetreuung zu erreichen. Personenbezogene Daten werden nicht an Dritte weitergeleitet, au\u00dfer wenn dies zuvor dem Nutzer kenntlich gemacht wurde und der Nutzer der \u00dcbertragung durch eine eindeutige und bewusste Handlung elektronisch zugestimmt hat. Die Angabe von Daten zur Registrierung unterliegt der freien Entscheidung des sich Registrierenden. Mit der Eingabe der pers\u00f6nlichen Daten willigt der Betroffene ein, dass seine personenbezogenen Daten zum Zwecke der Anbahnung und Abwicklung von Gesch\u00e4ftsbeziehungen sowie zur Kundenbetreuung (z.B. zum &#8222;Support&#8220; oder zum Versand von Newslettern) verarbeitet und genutzt werden.<\/p>\n<p>Wenn Sie uns eine E-Mail senden, werden Ihre dort jeweils angegebenen pers\u00f6nlichen Daten (z.B. Ihr Name oder Ihre E-Mail-Adresse) nur f\u00fcr unsere Korrespondenz mit Ihnen zur \u00dcbersendung der erbetenen Unterlagen oder Informationen verarbeitet und nicht an Dritte weitergegeben. Bei der \u00dcbertragung Ihrer Daten im Internet besteht die M\u00f6glichkeit, dass diese von Unbefugten zur Kenntnis genommen oder ver\u00e4ndert werden.<\/p>\n<p>Sie k\u00f6nnen eine einmal erteilte Einwilligung zur Erhebung, Verarbeitung und Nutzung Ihrer personenbezogenen Daten jederzeit mit Wirkung f\u00fcr die Zukunft widerrufen. Ihre Daten werden dann bei uns gel\u00f6scht. Dazu reicht eine kurze Mitteilung in Form einer E-Mail mit Nennung Ihrer gespeicherten pers\u00f6nlichen Daten an: i&#110;&#102;&#x6f;&#x40;&#x73;&#x6d;a&#114;&#116;&#114;&#x61;&#x79;&#x2e;co&#109; oder eine kurze schriftliche Mitteilung an die oben im Impressum angegebene postalische Adresse der SmartRay GmbH.<br \/>\nFalls Sie weitergehende Fragen zu unserem Datenschutzhinweis, Ihren gespeicherten pers\u00f6nlichen Daten, oder der Nutzung unserer WWW-Seiten haben, kontaktieren Sie uns unter &#x69;&#110;&#x66;&#111;&#64;&#x73;&#109;a&#x72;&#116;&#x72;&#x61;y&#x2e;&#99;o&#x6d; oder \u00fcber unsere oben im Impressum angegebene postalische Adresse.<\/p>\n<h3>Geltung deutschen Rechts:<\/h3>\n<p>Die auf dieser Seite gegebenen Hinweise und Erkl\u00e4rungen unterliegen dem deutschen Recht.<\/p>\n<h3>Rechtswirksamkeit dieses Haftungsausschlusses:<\/h3>\n<p>Der auf dieser Seite gegebene Haftungsausschluss ist als Teil des Internetauftritts der SmartRay GmbH zu betrachten, von dem aus auf diese Seite verwiesen wurde. Sofern Teile oder einzelne Formulierungen dieses Textes der geltenden Rechtslage nicht, nicht mehr oder nicht vollst\u00e4ndig entsprechen sollten, bleiben die \u00fcbrigen Teile des Dokumentes in ihrem Inhalt und ihrer G\u00fcltigkeit davon unber\u00fchrt.<\/p>\n<\/div><div class=\"fusion-clearfix\"><\/div><\/div><\/div><div class=\"fusion-layout-column fusion_builder_column fusion-builder-column-1 fusion_builder_column_1_4 1_4 fusion-one-fourth fusion-column-last\" style=\"--awb-bg-size:cover;width:22%;\"><div class=\"fusion-column-wrapper fusion-flex-column-wrapper-legacy\"><div class=\"fusion-text fusion-text-2\" style=\"--awb-text-transform:none;\"><h6>Legal notice<\/h6>\n<h3>Vertretungsberechtigter<br \/>\nGesch\u00e4ftsf\u00fchrer:<\/h3>\n<p>Mathias Reiter<\/p>\n<h3>Registergericht:<\/h3>\n<p>Amtsgericht M\u00fcnchen<\/p>\n<h3>Registernummer:<\/h3>\n<p>HRA 160189<\/p>\n<p><strong>Umsatzsteuer-Identifikationsnummer gem\u00e4\u00df \u00a7 27 a UStG:<\/strong> DE246453157<br \/>\n<strong>Inhaltlich Verantwortlicher gem\u00e4\u00df \u00a7 6 MDStV:<\/strong> Mathias Reiter<\/p>\n<\/div><div class=\"fusion-sep-clear\"><\/div><div class=\"fusion-separator fusion-full-width-sep\" style=\"margin-left: auto;margin-right: auto;margin-top:0px;margin-bottom:20px;width:100%;\"><div class=\"fusion-separator-border sep-single sep-solid\" style=\"--awb-height:20px;--awb-amount:20px;--awb-sep-color:#000000;border-color:#000000;border-top-width:1px;\"><\/div><\/div><div class=\"fusion-sep-clear\"><\/div><div class=\"fusion-text fusion-text-3\"><h6>Kontakt<\/h6>\n<h3>SmartRay GmbH<\/h3>\n<p>B\u00fcrgermeister-Finsterwalder-Ring 12<br \/>\n82515 Wolfratshausen<br \/>\nGERMANY<\/p>\n<p>P + 49 (0) 8171 9683 400<br \/>\nF + 49 (0) 8171 9683 401<br \/>\n&#x69;n&#x66;&#111;&#x40;&#115;&#x6d;&#x61;r&#x74;&#114;&#x61;&#121;&#x2e;&#99;o&#x6d;<\/p>\n<\/div><div class=\"fusion-sep-clear\"><\/div><div class=\"fusion-separator fusion-full-width-sep\" style=\"margin-left: auto;margin-right: auto;margin-top:0px;margin-bottom:20px;width:100%;\"><div class=\"fusion-separator-border sep-single sep-solid\" style=\"--awb-height:20px;--awb-amount:20px;--awb-sep-color:#000000;border-color:#000000;border-top-width:1px;\"><\/div><\/div><div class=\"fusion-sep-clear\"><\/div><div class=\"fusion-text fusion-text-4\" style=\"--awb-text-transform:none;\"><p><strong>Design &amp; Programming<\/strong><\/p>\n<p><a href=\"http:\/\/marketingforindustry.com\"><img decoding=\"async\" class=\"alignnone size-full wp-image-23491\" src=\"https:\/\/www.smartray.com\/wp-content\/uploads\/2025\/08\/Clip-path-group.svg\" alt=\"\" width=\"91\" height=\"28\" \/><\/a><\/p>\n<p>Office 11\/12 Briggs House<br \/>\n26 Commercial Road<br \/>\nPoole<br \/>\nDorset BH14 0JR<br \/>\nUnited Kingdom<\/p>\n<\/div><div class=\"fusion-clearfix\"><\/div><\/div><\/div><\/div><\/div>\n","protected":false},"excerpt":{"rendered":"","protected":false},"author":12,"featured_media":0,"parent":0,"menu_order":25,"comment_status":"closed","ping_status":"closed","template":"100-width.php","meta":{"footnotes":""},"class_list":["post-14107","page","type-page","status-publish","hentry"],"yoast_head":"<!-- This site is optimized with the Yoast SEO plugin v27.3 - https:\/\/yoast.com\/product\/yoast-seo-wordpress\/ -->\n<title>Imprint - Legal Notice &amp; Data Protection<\/title>\n<meta name=\"description\" content=\"Imprint and privacy policy SmartRay GmbH \u2713 We live 3D !\" \/>\n<meta name=\"robots\" content=\"index, follow, max-snippet:-1, max-image-preview:large, max-video-preview:-1\" \/>\n<link rel=\"canonical\" href=\"https:\/\/www.smartray.com\/de\/impressum\/\" \/>\n<meta property=\"og:locale\" content=\"de_DE\" \/>\n<meta property=\"og:type\" content=\"article\" \/>\n<meta property=\"og:title\" content=\"Imprint - Legal Notice &amp; Data Protection\" \/>\n<meta property=\"og:description\" content=\"Imprint and privacy policy SmartRay GmbH \u2713 We live 3D !\" \/>\n<meta property=\"og:url\" content=\"https:\/\/www.smartray.com\/de\/impressum\/\" \/>\n<meta property=\"og:site_name\" content=\"SmartRay\" \/>\n<meta property=\"article:modified_time\" content=\"2026-03-19T10:07:18+00:00\" \/>\n<meta name=\"twitter:card\" content=\"summary_large_image\" \/>\n<meta name=\"twitter:label1\" content=\"Gesch\u00e4tzte Lesezeit\" \/>\n\t<meta name=\"twitter:data1\" content=\"6\u00a0Minuten\" \/>\n<script type=\"application\/ld+json\" class=\"yoast-schema-graph\">{\"@context\":\"https:\\\/\\\/schema.org\",\"@graph\":[{\"@type\":\"WebPage\",\"@id\":\"https:\\\/\\\/www.smartray.com\\\/de\\\/impressum\\\/\",\"url\":\"https:\\\/\\\/www.smartray.com\\\/de\\\/impressum\\\/\",\"name\":\"Imprint - Legal Notice & Data Protection\",\"isPartOf\":{\"@id\":\"https:\\\/\\\/www.smartray.com\\\/de\\\/#website\"},\"primaryImageOfPage\":{\"@id\":\"https:\\\/\\\/www.smartray.com\\\/de\\\/impressum\\\/#primaryimage\"},\"image\":{\"@id\":\"https:\\\/\\\/www.smartray.com\\\/de\\\/impressum\\\/#primaryimage\"},\"thumbnailUrl\":\"https:\\\/\\\/www.smartray.com\\\/wp-content\\\/uploads\\\/2025\\\/08\\\/Clip-path-group.svg\",\"datePublished\":\"2015-04-14T10:07:07+00:00\",\"dateModified\":\"2026-03-19T10:07:18+00:00\",\"description\":\"Imprint and privacy policy SmartRay GmbH \u2713 We live 3D !\",\"breadcrumb\":{\"@id\":\"https:\\\/\\\/www.smartray.com\\\/de\\\/impressum\\\/#breadcrumb\"},\"inLanguage\":\"de\",\"potentialAction\":[{\"@type\":\"ReadAction\",\"target\":[\"https:\\\/\\\/www.smartray.com\\\/de\\\/impressum\\\/\"]}]},{\"@type\":\"ImageObject\",\"inLanguage\":\"de\",\"@id\":\"https:\\\/\\\/www.smartray.com\\\/de\\\/impressum\\\/#primaryimage\",\"url\":\"https:\\\/\\\/www.smartray.com\\\/wp-content\\\/uploads\\\/2025\\\/08\\\/Clip-path-group.svg\",\"contentUrl\":\"https:\\\/\\\/www.smartray.com\\\/wp-content\\\/uploads\\\/2025\\\/08\\\/Clip-path-group.svg\"},{\"@type\":\"BreadcrumbList\",\"@id\":\"https:\\\/\\\/www.smartray.com\\\/de\\\/impressum\\\/#breadcrumb\",\"itemListElement\":[{\"@type\":\"ListItem\",\"position\":1,\"name\":\"Home\",\"item\":\"https:\\\/\\\/www.smartray.com\\\/de\\\/\"},{\"@type\":\"ListItem\",\"position\":2,\"name\":\"SmartRay Impressum\"}]},{\"@type\":\"WebSite\",\"@id\":\"https:\\\/\\\/www.smartray.com\\\/de\\\/#website\",\"url\":\"https:\\\/\\\/www.smartray.com\\\/de\\\/\",\"name\":\"SmartRay\",\"description\":\"Cutting-edge 3D sensors for inspection, guidance and measurement\",\"potentialAction\":[{\"@type\":\"SearchAction\",\"target\":{\"@type\":\"EntryPoint\",\"urlTemplate\":\"https:\\\/\\\/www.smartray.com\\\/de\\\/?s={search_term_string}\"},\"query-input\":{\"@type\":\"PropertyValueSpecification\",\"valueRequired\":true,\"valueName\":\"search_term_string\"}}],\"inLanguage\":\"de\"}]}<\/script>\n<!-- \/ Yoast SEO plugin. -->","yoast_head_json":{"title":"Imprint - Legal Notice & Data Protection","description":"Imprint and privacy policy SmartRay GmbH \u2713 We live 3D !","robots":{"index":"index","follow":"follow","max-snippet":"max-snippet:-1","max-image-preview":"max-image-preview:large","max-video-preview":"max-video-preview:-1"},"canonical":"https:\/\/www.smartray.com\/de\/impressum\/","og_locale":"de_DE","og_type":"article","og_title":"Imprint - Legal Notice & Data Protection","og_description":"Imprint and privacy policy SmartRay GmbH \u2713 We live 3D !","og_url":"https:\/\/www.smartray.com\/de\/impressum\/","og_site_name":"SmartRay","article_modified_time":"2026-03-19T10:07:18+00:00","twitter_card":"summary_large_image","twitter_misc":{"Gesch\u00e4tzte Lesezeit":"6\u00a0Minuten"},"schema":{"@context":"https:\/\/schema.org","@graph":[{"@type":"WebPage","@id":"https:\/\/www.smartray.com\/de\/impressum\/","url":"https:\/\/www.smartray.com\/de\/impressum\/","name":"Imprint - Legal Notice & Data Protection","isPartOf":{"@id":"https:\/\/www.smartray.com\/de\/#website"},"primaryImageOfPage":{"@id":"https:\/\/www.smartray.com\/de\/impressum\/#primaryimage"},"image":{"@id":"https:\/\/www.smartray.com\/de\/impressum\/#primaryimage"},"thumbnailUrl":"https:\/\/www.smartray.com\/wp-content\/uploads\/2025\/08\/Clip-path-group.svg","datePublished":"2015-04-14T10:07:07+00:00","dateModified":"2026-03-19T10:07:18+00:00","description":"Imprint and privacy policy SmartRay GmbH \u2713 We live 3D !","breadcrumb":{"@id":"https:\/\/www.smartray.com\/de\/impressum\/#breadcrumb"},"inLanguage":"de","potentialAction":[{"@type":"ReadAction","target":["https:\/\/www.smartray.com\/de\/impressum\/"]}]},{"@type":"ImageObject","inLanguage":"de","@id":"https:\/\/www.smartray.com\/de\/impressum\/#primaryimage","url":"https:\/\/www.smartray.com\/wp-content\/uploads\/2025\/08\/Clip-path-group.svg","contentUrl":"https:\/\/www.smartray.com\/wp-content\/uploads\/2025\/08\/Clip-path-group.svg"},{"@type":"BreadcrumbList","@id":"https:\/\/www.smartray.com\/de\/impressum\/#breadcrumb","itemListElement":[{"@type":"ListItem","position":1,"name":"Home","item":"https:\/\/www.smartray.com\/de\/"},{"@type":"ListItem","position":2,"name":"SmartRay Impressum"}]},{"@type":"WebSite","@id":"https:\/\/www.smartray.com\/de\/#website","url":"https:\/\/www.smartray.com\/de\/","name":"SmartRay","description":"Cutting-edge 3D sensors for inspection, guidance and measurement","potentialAction":[{"@type":"SearchAction","target":{"@type":"EntryPoint","urlTemplate":"https:\/\/www.smartray.com\/de\/?s={search_term_string}"},"query-input":{"@type":"PropertyValueSpecification","valueRequired":true,"valueName":"search_term_string"}}],"inLanguage":"de"}]}},"_links":{"self":[{"href":"https:\/\/www.smartray.com\/de\/wp-json\/wp\/v2\/pages\/14107","targetHints":{"allow":["GET"]}}],"collection":[{"href":"https:\/\/www.smartray.com\/de\/wp-json\/wp\/v2\/pages"}],"about":[{"href":"https:\/\/www.smartray.com\/de\/wp-json\/wp\/v2\/types\/page"}],"author":[{"embeddable":true,"href":"https:\/\/www.smartray.com\/de\/wp-json\/wp\/v2\/users\/12"}],"replies":[{"embeddable":true,"href":"https:\/\/www.smartray.com\/de\/wp-json\/wp\/v2\/comments?post=14107"}],"version-history":[{"count":13,"href":"https:\/\/www.smartray.com\/de\/wp-json\/wp\/v2\/pages\/14107\/revisions"}],"predecessor-version":[{"id":23802,"href":"https:\/\/www.smartray.com\/de\/wp-json\/wp\/v2\/pages\/14107\/revisions\/23802"}],"wp:attachment":[{"href":"https:\/\/www.smartray.com\/de\/wp-json\/wp\/v2\/media?parent=14107"}],"curies":[{"name":"wp","href":"https:\/\/api.w.org\/{rel}","templated":true}]}}