{"id":20471,"date":"2020-08-28T14:59:28","date_gmt":"2020-08-28T14:59:28","guid":{"rendered":"https:\/\/www.smartray.com\/glossar-2\/"},"modified":"2025-12-10T14:01:15","modified_gmt":"2025-12-10T14:01:15","slug":"glossar","status":"publish","type":"page","link":"https:\/\/www.smartray.com\/de\/glossar\/","title":{"rendered":"Glossar"},"content":{"rendered":"<div class=\"fusion-fullwidth fullwidth-box fusion-builder-row-1 nonhundred-percent-fullwidth non-hundred-percent-height-scrolling glossaryLanding\" style=\"--awb-border-radius-top-left:0px;--awb-border-radius-top-right:0px;--awb-border-radius-bottom-right:0px;--awb-border-radius-bottom-left:0px;--awb-flex-wrap:wrap;\" ><div class=\"fusion-builder-row fusion-row\"><div class=\"fusion-layout-column fusion_builder_column fusion-builder-column-0 fusion_builder_column_1_1 1_1 fusion-one-full fusion-column-first fusion-column-last\" style=\"--awb-bg-size:cover;--awb-margin-bottom:0px;\"><div class=\"fusion-column-wrapper fusion-flex-column-wrapper-legacy\"><div class=\"fusion-title title fusion-title-1 fusion-sep-none fusion-title-text fusion-title-size-one\" style=\"--awb-margin-top-small:10px;--awb-margin-right-small:0px;--awb-margin-bottom-small:10px;--awb-margin-left-small:0px;\"><h1 class=\"fusion-title-heading title-heading-left\" style=\"margin:0;\">Glossar<\/h1><\/div><div class=\"fusion-text fusion-text-1\"><p>In hochspezialisierten Bereichen werden immer wieder Begriffe verwendet, die sich nicht immer sofort f\u00fcr jeden erschliessen. Mit unserem Glossar m\u00f6chten wir Ihnen die wichtigsten davon kurz erl\u00e4utern. In der rechten Spalte k\u00f6nnen Sie aus unserem aktuellen Index w\u00e4hlen und sich die gew\u00fcnschte Erkl\u00e4rung anzeigen lassen.<\/p>\n<p>Wir erweitern unser Glossar regelm\u00e4\u00dfig f\u00fcr Sie.<\/p>\n<p>Wenn Sie hier einen Begriff vermissen, schreiben Sie uns:\u00a0<a href=\"ma&#105;&#108;&#x74;&#x6f;&#x3a;&#x6d;ar&#107;&#101;&#x74;&#x69;&#x6e;&#x67;&#64;s&#109;&#97;&#114;&#x74;&#x72;&#x61;&#x79;&#46;c&#111;&#109;\">m&#97;&#114;&#x6b;&#x65;&#x74;i&#110;&#103;&#x40;&#x73;&#x6d;ar&#116;&#x72;&#x61;&#x79;&#46;c&#111;&#109;<\/a><\/p>\n<p>Wir werden fehlende Erkl\u00e4rungen gern rasch erg\u00e4nzen.<\/p>\n<\/div><div class=\"fusion-clearfix\"><\/div><\/div><\/div><\/div><\/div>\n","protected":false},"excerpt":{"rendered":"","protected":false},"author":11,"featured_media":0,"parent":0,"menu_order":0,"comment_status":"closed","ping_status":"closed","template":"glossary-index-template.php","meta":{"footnotes":""},"class_list":["post-20471","page","type-page","status-publish","hentry"],"yoast_head":"<!-- This site is optimized with the Yoast SEO plugin v27.3 - https:\/\/yoast.com\/product\/yoast-seo-wordpress\/ -->\n<title>Glossar - SmartRay<\/title>\n<meta name=\"description\" content=\"Glossar: Fachbegriffe der industriellen 3D-Bildverarbeitung einfach erkl\u00e4rt. Von Laser Triangulation bis Kalibrierung\u2014Ihr 3D-Lexikon.\" \/>\n<meta name=\"robots\" content=\"index, follow, max-snippet:-1, max-image-preview:large, max-video-preview:-1\" \/>\n<link rel=\"canonical\" href=\"https:\/\/www.smartray.com\/de\/glossar\/\" \/>\n<meta property=\"og:locale\" content=\"de_DE\" \/>\n<meta property=\"og:type\" content=\"article\" \/>\n<meta property=\"og:title\" content=\"Glossar - SmartRay\" \/>\n<meta property=\"og:description\" content=\"Glossar: Fachbegriffe der industriellen 3D-Bildverarbeitung einfach erkl\u00e4rt. Von Laser Triangulation bis Kalibrierung\u2014Ihr 3D-Lexikon.\" \/>\n<meta property=\"og:url\" content=\"https:\/\/www.smartray.com\/de\/glossar\/\" \/>\n<meta property=\"og:site_name\" content=\"SmartRay\" \/>\n<meta property=\"article:modified_time\" content=\"2025-12-10T14:01:15+00:00\" \/>\n<meta name=\"twitter:card\" content=\"summary_large_image\" \/>\n<meta name=\"twitter:label1\" content=\"Gesch\u00e4tzte Lesezeit\" \/>\n\t<meta name=\"twitter:data1\" content=\"1\u00a0Minute\" \/>\n<script type=\"application\/ld+json\" class=\"yoast-schema-graph\">{\"@context\":\"https:\\\/\\\/schema.org\",\"@graph\":[{\"@type\":\"WebPage\",\"@id\":\"https:\\\/\\\/www.smartray.com\\\/de\\\/glossar\\\/\",\"url\":\"https:\\\/\\\/www.smartray.com\\\/de\\\/glossar\\\/\",\"name\":\"Glossar - SmartRay\",\"isPartOf\":{\"@id\":\"https:\\\/\\\/www.smartray.com\\\/de\\\/#website\"},\"datePublished\":\"2020-08-28T14:59:28+00:00\",\"dateModified\":\"2025-12-10T14:01:15+00:00\",\"description\":\"Glossar: Fachbegriffe der industriellen 3D-Bildverarbeitung einfach erkl\u00e4rt. Von Laser Triangulation bis Kalibrierung\u2014Ihr 3D-Lexikon.\",\"breadcrumb\":{\"@id\":\"https:\\\/\\\/www.smartray.com\\\/de\\\/glossar\\\/#breadcrumb\"},\"inLanguage\":\"de\",\"potentialAction\":[{\"@type\":\"ReadAction\",\"target\":[\"https:\\\/\\\/www.smartray.com\\\/de\\\/glossar\\\/\"]}]},{\"@type\":\"BreadcrumbList\",\"@id\":\"https:\\\/\\\/www.smartray.com\\\/de\\\/glossar\\\/#breadcrumb\",\"itemListElement\":[{\"@type\":\"ListItem\",\"position\":1,\"name\":\"Home\",\"item\":\"https:\\\/\\\/www.smartray.com\\\/de\\\/\"},{\"@type\":\"ListItem\",\"position\":2,\"name\":\"Glossar\"}]},{\"@type\":\"WebSite\",\"@id\":\"https:\\\/\\\/www.smartray.com\\\/de\\\/#website\",\"url\":\"https:\\\/\\\/www.smartray.com\\\/de\\\/\",\"name\":\"SmartRay\",\"description\":\"Cutting-edge 3D sensors for inspection, guidance and measurement\",\"potentialAction\":[{\"@type\":\"SearchAction\",\"target\":{\"@type\":\"EntryPoint\",\"urlTemplate\":\"https:\\\/\\\/www.smartray.com\\\/de\\\/?s={search_term_string}\"},\"query-input\":{\"@type\":\"PropertyValueSpecification\",\"valueRequired\":true,\"valueName\":\"search_term_string\"}}],\"inLanguage\":\"de\"}]}<\/script>\n<!-- \/ Yoast SEO plugin. -->","yoast_head_json":{"title":"Glossar - SmartRay","description":"Glossar: Fachbegriffe der industriellen 3D-Bildverarbeitung einfach erkl\u00e4rt. Von Laser Triangulation bis Kalibrierung\u2014Ihr 3D-Lexikon.","robots":{"index":"index","follow":"follow","max-snippet":"max-snippet:-1","max-image-preview":"max-image-preview:large","max-video-preview":"max-video-preview:-1"},"canonical":"https:\/\/www.smartray.com\/de\/glossar\/","og_locale":"de_DE","og_type":"article","og_title":"Glossar - SmartRay","og_description":"Glossar: Fachbegriffe der industriellen 3D-Bildverarbeitung einfach erkl\u00e4rt. Von Laser Triangulation bis Kalibrierung\u2014Ihr 3D-Lexikon.","og_url":"https:\/\/www.smartray.com\/de\/glossar\/","og_site_name":"SmartRay","article_modified_time":"2025-12-10T14:01:15+00:00","twitter_card":"summary_large_image","twitter_misc":{"Gesch\u00e4tzte Lesezeit":"1\u00a0Minute"},"schema":{"@context":"https:\/\/schema.org","@graph":[{"@type":"WebPage","@id":"https:\/\/www.smartray.com\/de\/glossar\/","url":"https:\/\/www.smartray.com\/de\/glossar\/","name":"Glossar - SmartRay","isPartOf":{"@id":"https:\/\/www.smartray.com\/de\/#website"},"datePublished":"2020-08-28T14:59:28+00:00","dateModified":"2025-12-10T14:01:15+00:00","description":"Glossar: Fachbegriffe der industriellen 3D-Bildverarbeitung einfach erkl\u00e4rt. Von Laser Triangulation bis Kalibrierung\u2014Ihr 3D-Lexikon.","breadcrumb":{"@id":"https:\/\/www.smartray.com\/de\/glossar\/#breadcrumb"},"inLanguage":"de","potentialAction":[{"@type":"ReadAction","target":["https:\/\/www.smartray.com\/de\/glossar\/"]}]},{"@type":"BreadcrumbList","@id":"https:\/\/www.smartray.com\/de\/glossar\/#breadcrumb","itemListElement":[{"@type":"ListItem","position":1,"name":"Home","item":"https:\/\/www.smartray.com\/de\/"},{"@type":"ListItem","position":2,"name":"Glossar"}]},{"@type":"WebSite","@id":"https:\/\/www.smartray.com\/de\/#website","url":"https:\/\/www.smartray.com\/de\/","name":"SmartRay","description":"Cutting-edge 3D sensors for inspection, guidance and measurement","potentialAction":[{"@type":"SearchAction","target":{"@type":"EntryPoint","urlTemplate":"https:\/\/www.smartray.com\/de\/?s={search_term_string}"},"query-input":{"@type":"PropertyValueSpecification","valueRequired":true,"valueName":"search_term_string"}}],"inLanguage":"de"}]}},"_links":{"self":[{"href":"https:\/\/www.smartray.com\/de\/wp-json\/wp\/v2\/pages\/20471","targetHints":{"allow":["GET"]}}],"collection":[{"href":"https:\/\/www.smartray.com\/de\/wp-json\/wp\/v2\/pages"}],"about":[{"href":"https:\/\/www.smartray.com\/de\/wp-json\/wp\/v2\/types\/page"}],"author":[{"embeddable":true,"href":"https:\/\/www.smartray.com\/de\/wp-json\/wp\/v2\/users\/11"}],"replies":[{"embeddable":true,"href":"https:\/\/www.smartray.com\/de\/wp-json\/wp\/v2\/comments?post=20471"}],"version-history":[{"count":6,"href":"https:\/\/www.smartray.com\/de\/wp-json\/wp\/v2\/pages\/20471\/revisions"}],"predecessor-version":[{"id":23645,"href":"https:\/\/www.smartray.com\/de\/wp-json\/wp\/v2\/pages\/20471\/revisions\/23645"}],"wp:attachment":[{"href":"https:\/\/www.smartray.com\/de\/wp-json\/wp\/v2\/media?parent=20471"}],"curies":[{"name":"wp","href":"https:\/\/api.w.org\/{rel}","templated":true}]}}