{"id":20838,"date":"2020-12-18T20:20:37","date_gmt":"2020-12-18T20:20:37","guid":{"rendered":"https:\/\/www.smartray.com\/?page_id=20838"},"modified":"2026-01-28T15:14:10","modified_gmt":"2026-01-28T15:14:10","slug":"ecco-95-020-plus","status":"publish","type":"page","link":"https:\/\/www.smartray.com\/de\/3d-sensoren\/ecco-95-020-plus\/","title":{"rendered":"ECCO 95.020+"},"content":{"rendered":"<p><div class=\"fusion-fullwidth fullwidth-box fusion-builder-row-1 nonhundred-percent-fullwidth non-hundred-percent-height-scrolling typo_unterseite_green\" style=\"--awb-background-position:left top;--awb-border-sizes-top:0px;--awb-border-sizes-bottom:0px;--awb-border-sizes-left:0px;--awb-border-sizes-right:0px;--awb-border-radius-top-left:0px;--awb-border-radius-top-right:0px;--awb-border-radius-bottom-right:0px;--awb-border-radius-bottom-left:0px;--awb-padding-top:20px;--awb-padding-bottom:20px;--awb-flex-wrap:wrap;\" ><div class=\"fusion-builder-row fusion-row\"><div class=\"fusion-layout-column fusion_builder_column fusion-builder-column-0 fusion_builder_column_1_1 1_1 fusion-one-full fusion-column-first fusion-column-last fusion-column-no-min-height\" style=\"--awb-bg-size:cover;--awb-margin-bottom:0px;\"><div class=\"fusion-column-wrapper fusion-flex-column-wrapper-legacy\"><div class=\"fusion-text fusion-text-1\"><h2><strong>ECCO 95+:<\/strong> 3D GOES HIGH DEFINITION IN HIGH SPEED<\/h2>\n<\/div><div class=\"fusion-text fusion-text-2\"><p><span style=\"font-size: 16px !important; line-height: 18px !important;\">Die Lasersensoren der Serie ECCO 95+ sind in der Kombination aus Aufl\u00f6sungsverm\u00f6gen und Detektions- und Messgeschwindigkeit das neue \u201e3D-Ma\u00df der Dinge\u201c. M\u00f6glich macht dies die neue Sensorplattform mit ihrem innovativen Elektronikdesign sowie die Blue Laser-Technologie.<\/span><\/p>\n<\/div><div class=\"fusion-clearfix\"><\/div><\/div><\/div><\/div><\/div><div class=\"fusion-fullwidth fullwidth-box fusion-builder-row-2 nonhundred-percent-fullwidth non-hundred-percent-height-scrolling\" style=\"--awb-background-position:left top;--awb-border-sizes-top:0px;--awb-border-sizes-bottom:0px;--awb-border-sizes-left:0px;--awb-border-sizes-right:0px;--awb-border-radius-top-left:0px;--awb-border-radius-top-right:0px;--awb-border-radius-bottom-right:0px;--awb-border-radius-bottom-left:0px;--awb-padding-top:20px;--awb-padding-bottom:20px;--awb-flex-wrap:wrap;\" ><div class=\"fusion-builder-row fusion-row\"><div class=\"fusion-layout-column fusion_builder_column fusion-builder-column-1 fusion_builder_column_2_5 2_5 fusion-two-fifth fusion-column-first\" style=\"--awb-bg-size:cover;width:37.6%; margin-right: 4%;\"><div class=\"fusion-column-wrapper fusion-flex-column-wrapper-legacy\"><div class=\"fusion-image-element fusion-image-align-right in-legacy-container\" style=\"text-align:right;--awb-caption-title-font-family:var(--h2_typography-font-family);--awb-caption-title-font-weight:var(--h2_typography-font-weight);--awb-caption-title-font-style:var(--h2_typography-font-style);--awb-caption-title-size:var(--h2_typography-font-size);--awb-caption-title-transform:var(--h2_typography-text-transform);--awb-caption-title-line-height:var(--h2_typography-line-height);--awb-caption-title-letter-spacing:var(--h2_typography-letter-spacing);\"><span class=\" fusion-imageframe imageframe-none imageframe-1 hover-type-none\" style=\"margin-left:25px;float:right;\"><img decoding=\"async\" width=\"200\" height=\"211\" alt=\"A professional product shot of a black SmartRay 3D sensor featuring a prominent yellow laser warning label on its front face.\" title=\"ECCO 95+ product image\" src=\"https:\/\/www.smartray.com\/wp-content\/uploads\/2020\/12\/100_Product-image_200x211_2-2.png\" class=\"img-responsive wp-image-20829\"\/><\/span><\/div><div class=\"fusion-clearfix\"><\/div><\/div><\/div><div class=\"fusion-layout-column fusion_builder_column fusion-builder-column-2 fusion_builder_column_3_5 3_5 fusion-three-fifth fusion-column-last typo_unterseite_green_product\" style=\"--awb-bg-size:cover;width:58.4%;\"><div class=\"fusion-column-wrapper fusion-flex-column-wrapper-legacy\"><div class=\"fusion-text fusion-text-3\"><div class=\"typo_unterseite\">\n<h3>Eigenschaften &amp; Vorteile<\/h3>\n<\/div>\n<\/div><div class=\"fusion-sep-clear\"><\/div><div class=\"fusion-separator fusion-full-width-sep\" style=\"margin-left: auto;margin-right: auto;margin-top:5px;width:100%;\"><\/div><div class=\"fusion-sep-clear\"><\/div><ul style=\"--awb-size:18px;--awb-iconcolor:#c8cd00;--awb-line-height:30.6px;--awb-icon-width:30.6px;--awb-icon-height:30.6px;--awb-icon-margin:12.6px;--awb-content-margin:43.2px;\" class=\"fusion-checklist fusion-checklist-1 fusion-checklist-default type-icons check\"><li class=\"fusion-li-item\" style=\"\"><span class=\"icon-wrapper circle-no\"><i class=\"fusion-li-icon fa-check fas\" aria-hidden=\"true\"><\/i><\/span><div class=\"fusion-li-item-content\">\n<p><strong>\u00dcberlegene 3D-Bildqualit\u00e4t<\/strong> &#8211; beste Wiederholgenauigkeit unter anspruchsvollen Bedingungen<\/p>\n<\/div><\/li><li class=\"fusion-li-item\" style=\"\"><span class=\"icon-wrapper circle-no\"><i class=\"fusion-li-icon fa-check fas\" aria-hidden=\"true\"><\/i><\/span><div class=\"fusion-li-item-content\">\n<p><strong>Reduzierter Stromverbrauch<\/strong> &#8211; Niedrigere Betriebstemperatur f\u00fcr bessere Messgenauigkeit<\/p>\n<\/div><\/li><li class=\"fusion-li-item\" style=\"\"><span class=\"icon-wrapper circle-no\"><i class=\"fusion-li-icon fa-check fas\" aria-hidden=\"true\"><\/i><\/span><div class=\"fusion-li-item-content\">\n<p><strong>Kompaktes, industrielles Geh\u00e4use<\/strong> &#8211; Bessere Stabilit\u00e4t und Flexibilit\u00e4t f\u00fcr die Integration in Maschinen und an Robotern<\/p>\n<\/div><\/li><\/ul><div class=\"fusion-clearfix\"><\/div><\/div><\/div><\/div><\/div><div class=\"fusion-fullwidth fullwidth-box fusion-builder-row-3 nonhundred-percent-fullwidth non-hundred-percent-height-scrolling\" style=\"--awb-background-position:left top;--awb-border-sizes-top:0px;--awb-border-sizes-bottom:0px;--awb-border-sizes-left:0px;--awb-border-sizes-right:0px;--awb-border-radius-top-left:0px;--awb-border-radius-top-right:0px;--awb-border-radius-bottom-right:0px;--awb-border-radius-bottom-left:0px;--awb-padding-top:20px;--awb-padding-bottom:0px;--awb-flex-wrap:wrap;\" ><div class=\"fusion-builder-row fusion-row\"><div class=\"fusion-layout-column fusion_builder_column fusion-builder-column-3 fusion_builder_column_1_2 1_2 fusion-one-half fusion-column-first\" style=\"--awb-bg-size:cover;width:48%; margin-right: 4%;\"><div class=\"fusion-column-wrapper fusion-flex-column-wrapper-legacy\"><div class=\"fusion-text fusion-text-4\"><div class=\"sensors_smartray_unterseite\">SmartRay\u2122<\/div>\n<h2 class=\"sensors_produkt_unterseite\">ECCO 95.020+<\/h2>\n<\/div><div class=\"fusion-clearfix\"><\/div><\/div><\/div><div class=\"fusion-layout-column fusion_builder_column fusion-builder-column-4 fusion_builder_column_1_2 1_2 fusion-one-half fusion-column-last\" style=\"--awb-bg-size:cover;width:48%;\"><div class=\"fusion-column-wrapper fusion-flex-column-wrapper-legacy\"><div class=\"fusion-text fusion-text-5\"><div class=\"sensors_produkt_unterseite_link\"><a title=\"Ecco 75.030\" href=\"https:\/\/www.smartray.com\/de\/3d-sensoren\/ecco-95-010-plus\/\">ECCO 95.010<\/a><a href=\"https:\/\/www.smartray.com\/de\/3d-sensoren\/ecco-95-010-plus\/\">+<\/a> \/ <a href=\"https:\/\/www.smartray.com\/de\/3d-sensoren\/ecco-95-040-plus\/\">ECCO 95.040<\/a><a href=\"https:\/\/www.smartray.com\/de\/3d-sensoren\/ecco-95-040-plus\/\">+<\/a> \/ <a href=\"https:\/\/www.smartray.com\/3d-sensors\/ecco-95-100-plus\/\">ECCO 95.100+<\/a> \/ <a href=\"https:\/\/www.smartray.com\/de\/3d-sensoren\/ecco-95-200-plus\/\">ECCO 95.200+<\/a> \/ <a href=\"https:\/\/www.smartray.com\/de\/3d-sensoren\/\">TO ALL SENSORS<\/a><\/div>\n<\/div><div class=\"fusion-clearfix\"><\/div><\/div><\/div><div class=\"fusion-layout-column fusion_builder_column fusion-builder-column-5 fusion_builder_column_3_5 3_5 fusion-three-fifth fusion-column-first\" style=\"--awb-bg-size:cover;width:58.4%; margin-right: 4%;\"><div class=\"fusion-column-wrapper fusion-flex-column-wrapper-legacy\"><div class=\"fusion-text fusion-text-6\"><div class=\"smartray_table\">\n<table width=\"100%\">\n<tbody>\n<tr class=\"odd\">\n<th><strong>Typisches Sichtfeld <\/strong>(nah| <b>mittel<\/b>| fern) <sup>1<\/sup><\/th>\n<td>22 | <b>25<\/b> | 28 mm<\/td>\n<\/tr>\n<tr>\n<th><strong>Messbereich<\/strong> <sup>1<\/sup><\/th>\n<td>16 mm<\/td>\n<\/tr>\n<tr class=\"odd\">\n<th><strong>Stand-off Distanz<\/strong><\/th>\n<td>63 mm<\/td>\n<\/tr>\n<tr>\n<th><strong>Typische vertikale Aufl\u00f6sung (Z) <\/strong><sup>1<\/sup><\/th>\n<td>1.1 &#8211; 1.6 \u00b5m<\/td>\n<\/tr>\n<tr class=\"odd\">\n<th><strong>Typische laterale Aufl\u00f6sung (Y) <\/strong><sup>1<\/sup><\/th>\n<td>11.5 &#8211; 14.5 \u00b5m<\/td>\n<\/tr>\n<tr>\n<th><strong>Z-Linearit\u00e4t <\/strong><sup>2,5<\/sup><sup><br \/>\n<\/sup><\/th>\n<td>0.005%<\/td>\n<\/tr>\n<tr class=\"odd\">\n<th><strong>Z-Wiederholgenauigkeit <\/strong><sup>4,5<\/sup><sup><br \/>\n<\/sup><\/th>\n<td>0.2 \u00b5m<\/td>\n<\/tr>\n<tr>\n<th><strong>Gewicht<\/strong><\/th>\n<td>Approx. 550 g<\/td>\n<\/tr>\n<tr class=\"odd\">\n<th><strong>Teilenummer<\/strong><\/th>\n<td>3.001.201 (2) | 3.004.201 (3R)<\/td>\n<\/tr>\n<\/tbody>\n<\/table>\n<\/div>\n<\/div><div class=\"fusion-clearfix\"><\/div><\/div><\/div><div class=\"fusion-layout-column fusion_builder_column fusion-builder-column-6 fusion_builder_column_2_5 2_5 fusion-two-fifth fusion-column-last\" style=\"--awb-bg-size:cover;width:37.6%;\"><div class=\"fusion-column-wrapper fusion-flex-column-wrapper-legacy\"><div class=\"fusion-image-element in-legacy-container\" style=\"--awb-caption-title-font-family:var(--h2_typography-font-family);--awb-caption-title-font-weight:var(--h2_typography-font-weight);--awb-caption-title-font-style:var(--h2_typography-font-style);--awb-caption-title-size:var(--h2_typography-font-size);--awb-caption-title-transform:var(--h2_typography-text-transform);--awb-caption-title-line-height:var(--h2_typography-line-height);--awb-caption-title-letter-spacing:var(--h2_typography-letter-spacing);\"><span class=\" fusion-imageframe imageframe-none imageframe-2 hover-type-none\"><img decoding=\"async\" width=\"300\" height=\"209\" alt=\"Diagram showing a 3D sensor&#039;s stand-off distance, focus area, field of view, and measurement range.\" title=\"detailansicht-smartray-sensor\" src=\"https:\/\/www.smartray.com\/wp-content\/uploads\/2018\/04\/detailansicht-smartray-sensor-300x209.png\" class=\"img-responsive wp-image-18551\" srcset=\"https:\/\/www.smartray.com\/wp-content\/uploads\/2018\/04\/detailansicht-smartray-sensor-200x139.png 200w, https:\/\/www.smartray.com\/wp-content\/uploads\/2018\/04\/detailansicht-smartray-sensor-400x278.png 400w, https:\/\/www.smartray.com\/wp-content\/uploads\/2018\/04\/detailansicht-smartray-sensor-600x417.png 600w, https:\/\/www.smartray.com\/wp-content\/uploads\/2018\/04\/detailansicht-smartray-sensor-800x557.png 800w, https:\/\/www.smartray.com\/wp-content\/uploads\/2018\/04\/detailansicht-smartray-sensor-1200x835.png 1200w, https:\/\/www.smartray.com\/wp-content\/uploads\/2018\/04\/detailansicht-smartray-sensor.png 1400w\" sizes=\"(max-width: 800px) 100vw, 600px\" \/><\/span><\/div><div class=\"fusion-clearfix\"><\/div><\/div><\/div><div class=\"fusion-layout-column fusion_builder_column fusion-builder-column-7 fusion_builder_column_1_1 1_1 fusion-one-full fusion-column-first fusion-column-last fusion-column-no-min-height\" style=\"--awb-bg-size:cover;--awb-margin-bottom:0px;\"><div class=\"fusion-column-wrapper fusion-flex-column-wrapper-legacy\"><div class=\"fusion-sep-clear\"><\/div><div class=\"fusion-separator fusion-full-width-sep\" style=\"margin-left: auto;margin-right: auto;margin-top:15px;margin-bottom:15px;width:100%;\"><\/div><div class=\"fusion-sep-clear\"><\/div><div class=\"fusion-clearfix\"><\/div><\/div><\/div><div class=\"fusion-layout-column fusion_builder_column fusion-builder-column-8 fusion_builder_column_3_5 3_5 fusion-three-fifth fusion-column-first tabele-neu\" style=\"--awb-bg-size:cover;width:58.4%; margin-right: 4%;\"><div class=\"fusion-column-wrapper fusion-flex-column-wrapper-legacy\"><div class=\"fusion-text fusion-text-7\"><div class=\"smartray_table\">\n<table width=\"100%\">\n<tbody>\n<tr class=\"odd\">\n<th><strong>Maximale Punkte \/ 3D-Profil<\/strong><\/th>\n<td>1920<\/td>\n<\/tr>\n<tr>\n<th><strong>Typische Scanrate<\/strong> <sup>3<\/sup><\/th>\n<td>ca. von 1 kHz bis zu 10 kHz (with full FOV)<\/td>\n<\/tr>\n<tr class=\"odd\">\n<th><strong>Typische 3D Punkterate<\/strong> <sup>3<\/sup><\/th>\n<td>ca. von 0.7 bis zu 15 Millionen Punkte\/sek<\/td>\n<\/tr>\n<tr>\n<th><strong>Schnittstellen<\/strong><\/th>\n<td>Gigabit Ethernet ( 1 Gbit\/ sec)<\/td>\n<\/tr>\n<tr class=\"odd\">\n<th><strong>Inputs<\/strong><\/th>\n<td>2 x Inputs, 5 \u2013 24 VDC<br \/>\nQuadrature Encoder (AB-Channel, RS-422 Standard)<\/td>\n<\/tr>\n<tr>\n<th><strong>Outputs<\/strong><\/th>\n<td>2 x Outputs, 24 VDC (max. 20 mA)<\/td>\n<\/tr>\n<tr class=\"odd\">\n<th><strong>Trigger<\/strong><\/th>\n<td>Folgende Trigger werden unterst\u00fctzt:<\/p>\n<p>START Trigger support auf Input 1 \u2013 2<br \/>\nDATA Trigger support auf Quadrature Encoder<br \/>\nInput (Max. DATA Triggerrate: 1 MHz)<br \/>\nDATA Trigger-Support auf Input 2 (Max. DATA Triggerrate: 10 kHz)<\/td>\n<\/tr>\n<tr>\n<th><strong>Betriebsspannung| Leistungsaufnahme<\/strong><\/th>\n<td>24 VDC, \u00b1 15 % | 7.5 W<\/td>\n<\/tr>\n<tr class=\"odd\">\n<th><strong>Laserdiode <\/strong>(Wellenl\u00e4nge)<\/th>\n<td>450 nm<\/td>\n<\/tr>\n<tr>\n<th><strong>Laserklasse <\/strong>(Standard | Optional)<\/th>\n<td>2 | 3R<\/td>\n<\/tr>\n<tr class=\"odd\">\n<th><strong>Maximales Umgebungslicht<\/strong><\/th>\n<td>10,000 lx<\/td>\n<\/tr>\n<tr>\n<th><strong>EMC Pr\u00fcfung<\/strong><\/th>\n<td>as per EN 61 000-6-2, EN 61 000-6-4, EN 61326-1:2013-07<\/td>\n<\/tr>\n<tr class=\"odd\">\n<th><strong>Elektrische Sicherheit<\/strong><\/th>\n<td>as per EN 61 010-1-3<\/td>\n<\/tr>\n<tr>\n<th><strong>Schutzklasse<\/strong><\/th>\n<td>III, as per EN 61 040-3<\/td>\n<\/tr>\n<tr class=\"odd\">\n<th><strong>Lasersicherheitseing\u00e4nge<\/strong><\/th>\n<td>24 VDC | 0V<\/td>\n<\/tr>\n<tr>\n<th><strong>Schutzart<\/strong><\/th>\n<td>IP65<\/td>\n<\/tr>\n<tr class=\"odd\">\n<th><strong>Luftfeuchtigkeit<\/strong><\/th>\n<td>Maximal 90%, non-condensing<\/td>\n<\/tr>\n<tr>\n<th><strong>Temperatur <\/strong>(Betrieb | Lage)<\/th>\n<td>0 \u2013 40\u00b0 C | -20 \u2013 70\u00b0 C<\/td>\n<\/tr>\n<tr class=\"odd\">\n<th><strong>Zubeh\u00f6r<\/strong><\/th>\n<td>Power-I\/O-Encoder cable: 6.320.0XX<br \/>\nEthernet cable: 6.303.0XX<\/td>\n<\/tr>\n<\/tbody>\n<\/table>\n<p>(1) typische Werte k\u00f6nnen bis zu 5 % durch optische Toleranzen variieren<br \/>\n(2) Z-Linearit\u00e4t, berechnet als eine Abweichung der &#8222;Vorspannung&#8220; (Referenzwert vs. Messwert) \u00fcber den Messbereich<br \/>\n(3) Scan- und Punktrate h\u00e4ngen vom konfigurierten Sichtfeld, dem Messbereich und der Belichtungszeit ab. Bei einem &#8222;Scan&#8220; werden definitionsgem\u00e4\u00df die maximalen Punkte \/ 3D-Profile, d. h. das vollst\u00e4ndige Sichtfeld ber\u00fccksichtigt. Der typische Scan- \/ Punktratenbereich wurde unter Ber\u00fccksichtigung einer Belichtungszeit von 1 \u00b5s, einer min-max-MR und eines vollen Sichtfelds gesch\u00e4tzt. Die typische Scanrate kann durch das Fenster des Sichtbereichs weiter erh\u00f6ht werden.<br \/>\n(4) Experimentell bewertet, indem ein festes Messziel 4100 Mal hintereinander innerhalb eines kurzen Zeitintervalls abgetastet wird. Es werden keine Nachbearbeitungsfilter angewendet<br \/>\n(5) Messungen wurden an einem SmartRay Standard-Pr\u00fcfgegenstand durchgef\u00fchrt, bei dem es sich um eine flache weiss mattierte Aluminiumoberfl\u00e4che handelt<\/p>\n<\/div>\n<\/div><div class=\"fusion-clearfix\"><\/div><\/div><\/div><div class=\"fusion-layout-column fusion_builder_column fusion-builder-column-9 fusion_builder_column_2_5 2_5 fusion-two-fifth fusion-column-last\" style=\"--awb-bg-size:cover;width:37.6%;\"><div class=\"fusion-column-wrapper fusion-flex-column-wrapper-legacy\"><div class=\"fusion-align-block\"><a class=\"fusion-button button-flat button-large button-custom fusion-button-default button-1 fusion-button-span-yes fusion-button-default-type button-blau\" style=\"--button_accent_color:#ffffff;--button_border_color:#ffffff;--button_accent_hover_color:#ffffff;--button_border_hover_color:#ffffff;--button_gradient_top_color:#35c3f5;--button_gradient_bottom_color:#35c3f5;--button_gradient_top_color_hover:#35c3f5;--button_gradient_bottom_color_hover:#35c3f5;\" target=\"_self\" href=\"https:\/\/3d.smartray.com\/ecco95plus-datasheet\/\"><span class=\"fusion-button-icon-divider button-icon-divider-left\"><i class=\"fa-download fas awb-button__icon awb-button__icon--default\" aria-hidden=\"true\"><\/i><\/span><span class=\"fusion-button-text awb-button__text awb-button__text--default fusion-button-text-left\">Datenblatt<\/span><\/a><\/div><div class=\"fusion-sep-clear\"><\/div><div class=\"fusion-separator fusion-full-width-sep\" style=\"margin-left: auto;margin-right: auto;margin-top:10px;width:100%;\"><\/div><div class=\"fusion-sep-clear\"><\/div><div class=\"fusion-align-block\"><a class=\"fusion-button button-flat button-large button-custom fusion-button-default button-2 fusion-button-span-yes fusion-button-default-type button-green\" style=\"--button_accent_color:#ffffff;--button_border_color:#ffffff;--button_accent_hover_color:#ffffff;--button_border_hover_color:#ffffff;--button_gradient_top_color:#c7d244;--button_gradient_bottom_color:#c7d244;--button_gradient_top_color_hover:#c7d244;--button_gradient_bottom_color_hover:#c7d244;\" target=\"_self\" href=\"\/?page_id=12126\"><span class=\"fusion-button-icon-divider button-icon-divider-left\"><i class=\" fa fa-wrench awb-button__icon awb-button__icon--default\" aria-hidden=\"true\"><\/i><\/span><span class=\"fusion-button-text awb-button__text awb-button__text--default fusion-button-text-left\">Unsere Technologie <\/span><\/a><\/div><div class=\"fusion-sep-clear\"><\/div><div class=\"fusion-separator fusion-full-width-sep\" style=\"margin-left: auto;margin-right: auto;margin-top:20px;width:100%;\"><\/div><div class=\"fusion-sep-clear\"><\/div><div class=\"fusion-image-element in-legacy-container\" style=\"--awb-caption-title-font-family:var(--h2_typography-font-family);--awb-caption-title-font-weight:var(--h2_typography-font-weight);--awb-caption-title-font-style:var(--h2_typography-font-style);--awb-caption-title-size:var(--h2_typography-font-size);--awb-caption-title-transform:var(--h2_typography-text-transform);--awb-caption-title-line-height:var(--h2_typography-line-height);--awb-caption-title-letter-spacing:var(--h2_typography-letter-spacing);\"><span class=\" fusion-imageframe imageframe-none imageframe-3 hover-type-none\"><img decoding=\"async\" width=\"300\" height=\"300\" alt=\"Front-facing shot of a black SmartRay 3D sensor with a yellow laser safety label, set against a dark blue background featuring a blurred electronic circuit board.\" title=\"100_Social 1080x1080_2\" src=\"https:\/\/www.smartray.com\/wp-content\/uploads\/2020\/12\/100_Social-1080x1080_2-300x300.jpg\" class=\"img-responsive wp-image-20835\" srcset=\"https:\/\/www.smartray.com\/wp-content\/uploads\/2020\/12\/100_Social-1080x1080_2-200x200.jpg 200w, https:\/\/www.smartray.com\/wp-content\/uploads\/2020\/12\/100_Social-1080x1080_2-400x400.jpg 400w, https:\/\/www.smartray.com\/wp-content\/uploads\/2020\/12\/100_Social-1080x1080_2-600x600.jpg 600w, https:\/\/www.smartray.com\/wp-content\/uploads\/2020\/12\/100_Social-1080x1080_2-800x800.jpg 800w, https:\/\/www.smartray.com\/wp-content\/uploads\/2020\/12\/100_Social-1080x1080_2.jpg 1080w\" sizes=\"(max-width: 800px) 100vw, 600px\" \/><\/span><\/div><div class=\"fusion-clearfix\"><\/div><\/div><\/div><\/div><\/div><\/p>\n","protected":false},"excerpt":{"rendered":"","protected":false},"author":12,"featured_media":0,"parent":13651,"menu_order":0,"comment_status":"closed","ping_status":"closed","template":"","meta":{"footnotes":""},"class_list":["post-20838","page","type-page","status-publish","hentry"],"yoast_head":"<!-- This site is optimized with the Yoast SEO plugin v27.3 - https:\/\/yoast.com\/product\/yoast-seo-wordpress\/ -->\n<title>ECCO 95.020+ - SmartRay<\/title>\n<meta name=\"robots\" content=\"index, follow, max-snippet:-1, max-image-preview:large, max-video-preview:-1\" \/>\n<link rel=\"canonical\" href=\"https:\/\/www.smartray.com\/de\/3d-sensoren\/ecco-95-020-plus\/\" \/>\n<meta property=\"og:locale\" content=\"de_DE\" \/>\n<meta property=\"og:type\" content=\"article\" \/>\n<meta property=\"og:title\" content=\"ECCO 95.020+ - SmartRay\" \/>\n<meta property=\"og:url\" content=\"https:\/\/www.smartray.com\/de\/3d-sensoren\/ecco-95-020-plus\/\" \/>\n<meta property=\"og:site_name\" content=\"SmartRay\" \/>\n<meta property=\"article:modified_time\" content=\"2026-01-28T15:14:10+00:00\" \/>\n<meta name=\"twitter:card\" content=\"summary_large_image\" \/>\n<meta name=\"twitter:label1\" content=\"Gesch\u00e4tzte Lesezeit\" \/>\n\t<meta name=\"twitter:data1\" content=\"3\u00a0Minuten\" \/>\n<script type=\"application\/ld+json\" class=\"yoast-schema-graph\">{\"@context\":\"https:\\\/\\\/schema.org\",\"@graph\":[{\"@type\":\"WebPage\",\"@id\":\"https:\\\/\\\/www.smartray.com\\\/de\\\/3d-sensoren\\\/ecco-95-020-plus\\\/\",\"url\":\"https:\\\/\\\/www.smartray.com\\\/de\\\/3d-sensoren\\\/ecco-95-020-plus\\\/\",\"name\":\"ECCO 95.020+ - SmartRay\",\"isPartOf\":{\"@id\":\"https:\\\/\\\/www.smartray.com\\\/de\\\/#website\"},\"datePublished\":\"2020-12-18T20:20:37+00:00\",\"dateModified\":\"2026-01-28T15:14:10+00:00\",\"breadcrumb\":{\"@id\":\"https:\\\/\\\/www.smartray.com\\\/de\\\/3d-sensoren\\\/ecco-95-020-plus\\\/#breadcrumb\"},\"inLanguage\":\"de\",\"potentialAction\":[{\"@type\":\"ReadAction\",\"target\":[\"https:\\\/\\\/www.smartray.com\\\/de\\\/3d-sensoren\\\/ecco-95-020-plus\\\/\"]}]},{\"@type\":\"BreadcrumbList\",\"@id\":\"https:\\\/\\\/www.smartray.com\\\/de\\\/3d-sensoren\\\/ecco-95-020-plus\\\/#breadcrumb\",\"itemListElement\":[{\"@type\":\"ListItem\",\"position\":1,\"name\":\"Home\",\"item\":\"https:\\\/\\\/www.smartray.com\\\/de\\\/\"},{\"@type\":\"ListItem\",\"position\":2,\"name\":\"3D-Sensoren\",\"item\":\"https:\\\/\\\/www.smartray.com\\\/de\\\/3d-sensoren\\\/\"},{\"@type\":\"ListItem\",\"position\":3,\"name\":\"ECCO 95.020+\"}]},{\"@type\":\"WebSite\",\"@id\":\"https:\\\/\\\/www.smartray.com\\\/de\\\/#website\",\"url\":\"https:\\\/\\\/www.smartray.com\\\/de\\\/\",\"name\":\"SmartRay\",\"description\":\"Cutting-edge 3D sensors for inspection, guidance and measurement\",\"potentialAction\":[{\"@type\":\"SearchAction\",\"target\":{\"@type\":\"EntryPoint\",\"urlTemplate\":\"https:\\\/\\\/www.smartray.com\\\/de\\\/?s={search_term_string}\"},\"query-input\":{\"@type\":\"PropertyValueSpecification\",\"valueRequired\":true,\"valueName\":\"search_term_string\"}}],\"inLanguage\":\"de\"}]}<\/script>\n<!-- \/ Yoast SEO plugin. -->","yoast_head_json":{"title":"ECCO 95.020+ - SmartRay","robots":{"index":"index","follow":"follow","max-snippet":"max-snippet:-1","max-image-preview":"max-image-preview:large","max-video-preview":"max-video-preview:-1"},"canonical":"https:\/\/www.smartray.com\/de\/3d-sensoren\/ecco-95-020-plus\/","og_locale":"de_DE","og_type":"article","og_title":"ECCO 95.020+ - SmartRay","og_url":"https:\/\/www.smartray.com\/de\/3d-sensoren\/ecco-95-020-plus\/","og_site_name":"SmartRay","article_modified_time":"2026-01-28T15:14:10+00:00","twitter_card":"summary_large_image","twitter_misc":{"Gesch\u00e4tzte Lesezeit":"3\u00a0Minuten"},"schema":{"@context":"https:\/\/schema.org","@graph":[{"@type":"WebPage","@id":"https:\/\/www.smartray.com\/de\/3d-sensoren\/ecco-95-020-plus\/","url":"https:\/\/www.smartray.com\/de\/3d-sensoren\/ecco-95-020-plus\/","name":"ECCO 95.020+ - SmartRay","isPartOf":{"@id":"https:\/\/www.smartray.com\/de\/#website"},"datePublished":"2020-12-18T20:20:37+00:00","dateModified":"2026-01-28T15:14:10+00:00","breadcrumb":{"@id":"https:\/\/www.smartray.com\/de\/3d-sensoren\/ecco-95-020-plus\/#breadcrumb"},"inLanguage":"de","potentialAction":[{"@type":"ReadAction","target":["https:\/\/www.smartray.com\/de\/3d-sensoren\/ecco-95-020-plus\/"]}]},{"@type":"BreadcrumbList","@id":"https:\/\/www.smartray.com\/de\/3d-sensoren\/ecco-95-020-plus\/#breadcrumb","itemListElement":[{"@type":"ListItem","position":1,"name":"Home","item":"https:\/\/www.smartray.com\/de\/"},{"@type":"ListItem","position":2,"name":"3D-Sensoren","item":"https:\/\/www.smartray.com\/de\/3d-sensoren\/"},{"@type":"ListItem","position":3,"name":"ECCO 95.020+"}]},{"@type":"WebSite","@id":"https:\/\/www.smartray.com\/de\/#website","url":"https:\/\/www.smartray.com\/de\/","name":"SmartRay","description":"Cutting-edge 3D sensors for inspection, guidance and measurement","potentialAction":[{"@type":"SearchAction","target":{"@type":"EntryPoint","urlTemplate":"https:\/\/www.smartray.com\/de\/?s={search_term_string}"},"query-input":{"@type":"PropertyValueSpecification","valueRequired":true,"valueName":"search_term_string"}}],"inLanguage":"de"}]}},"_links":{"self":[{"href":"https:\/\/www.smartray.com\/de\/wp-json\/wp\/v2\/pages\/20838","targetHints":{"allow":["GET"]}}],"collection":[{"href":"https:\/\/www.smartray.com\/de\/wp-json\/wp\/v2\/pages"}],"about":[{"href":"https:\/\/www.smartray.com\/de\/wp-json\/wp\/v2\/types\/page"}],"author":[{"embeddable":true,"href":"https:\/\/www.smartray.com\/de\/wp-json\/wp\/v2\/users\/12"}],"replies":[{"embeddable":true,"href":"https:\/\/www.smartray.com\/de\/wp-json\/wp\/v2\/comments?post=20838"}],"version-history":[{"count":17,"href":"https:\/\/www.smartray.com\/de\/wp-json\/wp\/v2\/pages\/20838\/revisions"}],"predecessor-version":[{"id":23761,"href":"https:\/\/www.smartray.com\/de\/wp-json\/wp\/v2\/pages\/20838\/revisions\/23761"}],"up":[{"embeddable":true,"href":"https:\/\/www.smartray.com\/de\/wp-json\/wp\/v2\/pages\/13651"}],"wp:attachment":[{"href":"https:\/\/www.smartray.com\/de\/wp-json\/wp\/v2\/media?parent=20838"}],"curies":[{"name":"wp","href":"https:\/\/api.w.org\/{rel}","templated":true}]}}