{"id":21785,"date":"2021-11-12T09:47:10","date_gmt":"2021-11-12T09:47:10","guid":{"rendered":"https:\/\/www.smartray.com\/?page_id=21785"},"modified":"2025-12-10T13:57:51","modified_gmt":"2025-12-10T13:57:51","slug":"dual-head-ecco-95-010","status":"publish","type":"page","link":"https:\/\/www.smartray.com\/de\/dual-head-ecco-95-010\/","title":{"rendered":"Dual-Head ECCO 95.010+"},"content":{"rendered":"<p><div class=\"fusion-fullwidth fullwidth-box fusion-builder-row-1 nonhundred-percent-fullwidth non-hundred-percent-height-scrolling typo_unterseite_green\" style=\"--awb-background-position:left top;--awb-border-sizes-top:0px;--awb-border-sizes-bottom:0px;--awb-border-sizes-left:0px;--awb-border-sizes-right:0px;--awb-border-radius-top-left:0px;--awb-border-radius-top-right:0px;--awb-border-radius-bottom-right:0px;--awb-border-radius-bottom-left:0px;--awb-padding-top:20px;--awb-padding-bottom:20px;--awb-flex-wrap:wrap;\" ><div class=\"fusion-builder-row fusion-row\"><div class=\"fusion-layout-column fusion_builder_column fusion-builder-column-0 fusion_builder_column_1_1 1_1 fusion-one-full fusion-column-first fusion-column-last fusion-column-no-min-height\" style=\"--awb-bg-size:cover;--awb-margin-bottom:0px;\"><div class=\"fusion-column-wrapper fusion-flex-column-wrapper-legacy\"><div class=\"fusion-text fusion-text-1\"><h2><strong>DUAL-HEAD 3D-SENSOREN<\/strong> F\u00dcR GENAUES UND SCHATTENFREIES SCANNEN<\/h2>\n<\/div><div class=\"fusion-text fusion-text-2\"><p>Die Dual-Head ECCO 95+ Modelle bieten pr\u00e4zise 3D-Sensoren mit zwei Kameras f\u00fcr Anwendungen, bei denen schattenfreies 3D-Scannen unerl\u00e4sslich ist. Dies erm\u00f6glicht 3D-Laserscanning f\u00fcr Kunden, bei denen 3D-Laserscanning bisher aufgrund von Okklusionen keine praktikable L\u00f6sung war.<\/p>\n<p>Ultrahohe Aufl\u00f6sung gepaart mit \u00fcberragender Bildqualit\u00e4t f\u00fcr beste Leistung unter anspruchsvollen Bedingungen.<\/p>\n<\/div><div class=\"fusion-clearfix\"><\/div><\/div><\/div><\/div><\/div><div class=\"fusion-fullwidth fullwidth-box fusion-builder-row-2 nonhundred-percent-fullwidth non-hundred-percent-height-scrolling\" style=\"--awb-background-position:left top;--awb-border-sizes-top:0px;--awb-border-sizes-bottom:0px;--awb-border-sizes-left:0px;--awb-border-sizes-right:0px;--awb-border-radius-top-left:0px;--awb-border-radius-top-right:0px;--awb-border-radius-bottom-right:0px;--awb-border-radius-bottom-left:0px;--awb-padding-top:20px;--awb-padding-bottom:20px;--awb-flex-wrap:wrap;\" ><div class=\"fusion-builder-row fusion-row\"><div class=\"fusion-layout-column fusion_builder_column fusion-builder-column-1 fusion_builder_column_2_5 2_5 fusion-two-fifth fusion-column-first\" style=\"--awb-bg-size:cover;width:37.6%; margin-right: 4%;\"><div class=\"fusion-column-wrapper fusion-flex-column-wrapper-legacy\"><div class=\"fusion-image-element fusion-image-align-right in-legacy-container\" style=\"text-align:right;--awb-caption-title-font-family:var(--h2_typography-font-family);--awb-caption-title-font-weight:var(--h2_typography-font-weight);--awb-caption-title-font-style:var(--h2_typography-font-style);--awb-caption-title-size:var(--h2_typography-font-size);--awb-caption-title-transform:var(--h2_typography-text-transform);--awb-caption-title-line-height:var(--h2_typography-line-height);--awb-caption-title-letter-spacing:var(--h2_typography-letter-spacing);\"><span class=\" fusion-imageframe imageframe-none imageframe-1 hover-type-none\" style=\"margin-left:25px;float:right;\"><img decoding=\"async\" width=\"141\" height=\"300\" alt=\"Product shot of a black SmartRay ECCO 95 Dual-Head 3D sensor featuring two optical lenses and dual yellow laser warning labels on its front face.\" title=\"ECCO 95+ Dual Head product image\" src=\"https:\/\/www.smartray.com\/wp-content\/uploads\/2021\/11\/ECCO-95-Dual-Head-product-image-2-141x300.png\" class=\"img-responsive wp-image-21803\" srcset=\"https:\/\/www.smartray.com\/wp-content\/uploads\/2021\/11\/ECCO-95-Dual-Head-product-image-2-200x424.png 200w, https:\/\/www.smartray.com\/wp-content\/uploads\/2021\/11\/ECCO-95-Dual-Head-product-image-2-400x848.png 400w, https:\/\/www.smartray.com\/wp-content\/uploads\/2021\/11\/ECCO-95-Dual-Head-product-image-2-600x1272.png 600w, https:\/\/www.smartray.com\/wp-content\/uploads\/2021\/11\/ECCO-95-Dual-Head-product-image-2-800x1697.png 800w, https:\/\/www.smartray.com\/wp-content\/uploads\/2021\/11\/ECCO-95-Dual-Head-product-image-2.png 994w\" sizes=\"(max-width: 800px) 100vw, 600px\" \/><\/span><\/div><div class=\"fusion-clearfix\"><\/div><\/div><\/div><div class=\"fusion-layout-column fusion_builder_column fusion-builder-column-2 fusion_builder_column_3_5 3_5 fusion-three-fifth fusion-column-last typo_unterseite_green_product\" style=\"--awb-bg-size:cover;width:58.4%;\"><div class=\"fusion-column-wrapper fusion-flex-column-wrapper-legacy\"><div class=\"fusion-text fusion-text-3\"><h3>Eigenschaften &amp; Vorteile<\/h3>\n<\/div><div class=\"fusion-sep-clear\"><\/div><div class=\"fusion-separator fusion-full-width-sep\" style=\"margin-left: auto;margin-right: auto;margin-top:5px;width:100%;\"><\/div><div class=\"fusion-sep-clear\"><\/div><ul style=\"--awb-size:18px;--awb-iconcolor:#c8cd00;--awb-line-height:30.6px;--awb-icon-width:30.6px;--awb-icon-height:30.6px;--awb-icon-margin:12.6px;--awb-content-margin:43.2px;\" class=\"fusion-checklist fusion-checklist-1 fusion-checklist-default type-icons check\"><li class=\"fusion-li-item\" style=\"\"><span class=\"icon-wrapper circle-no\"><i class=\"fusion-li-icon fa-check fas\" aria-hidden=\"true\"><\/i><\/span><div class=\"fusion-li-item-content\">\n<p>SCHATTENFREIES 3D-SCANNEN<br \/>\n3D-Scanning mit zwei Kameras f\u00fcr optimale Sichtbarkeit<\/p>\n<\/div><\/li><li class=\"fusion-li-item\" style=\"\"><span class=\"icon-wrapper circle-no\"><i class=\"fusion-li-icon fa-check fas\" aria-hidden=\"true\"><\/i><\/span><div class=\"fusion-li-item-content\">\n<p>ULTRA HOHE AUFL\u00d6SUNG<br \/>\ndie F\u00e4higkeit, extrem feine Merkmale zu inspizieren<\/p>\n<\/div><\/li><li class=\"fusion-li-item\" style=\"\"><span class=\"icon-wrapper circle-no\"><i class=\"fusion-li-icon fa-check fas\" aria-hidden=\"true\"><\/i><\/span><div class=\"fusion-li-item-content\">\n<p>\u00dcBERLEGENE BILDQUALIT\u00c4T<br \/>\nbeste Wiederholgenauigkeit unter anspruchsvollen Bedingungen<\/p>\n<\/div><\/li><\/ul><div class=\"fusion-clearfix\"><\/div><\/div><\/div><\/div><\/div><div class=\"fusion-fullwidth fullwidth-box fusion-builder-row-3 nonhundred-percent-fullwidth non-hundred-percent-height-scrolling\" style=\"--awb-background-position:left top;--awb-border-sizes-top:0px;--awb-border-sizes-bottom:0px;--awb-border-sizes-left:0px;--awb-border-sizes-right:0px;--awb-border-radius-top-left:0px;--awb-border-radius-top-right:0px;--awb-border-radius-bottom-right:0px;--awb-border-radius-bottom-left:0px;--awb-padding-top:20px;--awb-padding-bottom:0px;--awb-flex-wrap:wrap;\" ><div class=\"fusion-builder-row fusion-row\"><div class=\"fusion-layout-column fusion_builder_column fusion-builder-column-3 fusion_builder_column_1_2 1_2 fusion-one-half fusion-column-first\" style=\"--awb-bg-size:cover;width:48%; margin-right: 4%;\"><div class=\"fusion-column-wrapper fusion-flex-column-wrapper-legacy\"><div class=\"fusion-text fusion-text-4\"><p>SmartRay\u2122<\/p>\n<h1>Dual-Head ECCO 95.010+<\/h1>\n<\/div><div class=\"fusion-clearfix\"><\/div><\/div><\/div><div class=\"fusion-layout-column fusion_builder_column fusion-builder-column-4 fusion_builder_column_1_2 1_2 fusion-one-half fusion-column-last\" style=\"--awb-bg-size:cover;width:48%;\"><div class=\"fusion-column-wrapper fusion-flex-column-wrapper-legacy\"><div class=\"fusion-text fusion-text-5\"><p><a href=\"https:\/\/www.smartray.com\/de\/3d-sensoren\/dual-head-ecco-95-040\/\">Dual-Head ECCO 95.040+<\/a> \/ <a href=\"https:\/\/www.smartray.com\/de\/3d-sensoren\/dual-head-ecco-95-200\/\">Dual-Head ECCO 95.200+<\/a> \/ <a href=\"https:\/\/www.smartray.com\/de\/3d-sensoren\/\">ZU ALLEN SENSOREN<\/a><\/p>\n<\/div><div class=\"fusion-clearfix\"><\/div><\/div><\/div><div class=\"fusion-layout-column fusion_builder_column fusion-builder-column-5 fusion_builder_column_3_5 3_5 fusion-three-fifth fusion-column-first\" style=\"--awb-bg-size:cover;width:58.4%; margin-right: 4%;\"><div class=\"fusion-column-wrapper fusion-flex-column-wrapper-legacy\"><div class=\"fusion-text fusion-text-6\"><div class=\"smartray_table\">\n<table width=\"100%\">\n<tbody>\n<tr>\n<th><strong>Typisches Sichtfeld<\/strong> (nah|<b>mittel<\/b>|fern)<sup> 1<\/sup><\/th>\n<td>10.5| <b>11<\/b>| 11.5 mm<\/td>\n<\/tr>\n<tr>\n<th><strong>Messbereich<\/strong><sup> 1<\/sup><\/th>\n<td>4 mm<\/td>\n<\/tr>\n<tr>\n<th><strong>Stand-off Distanz<\/strong><\/th>\n<td>25 mm<\/td>\n<\/tr>\n<tr>\n<th><strong>Typische vertikale Aufl\u00f6sung (Z)<\/strong><sup> 1<\/sup><\/th>\n<td>0.37-0.45 \u03bcm<\/td>\n<\/tr>\n<tr>\n<th><strong>Typische laterale Aufl\u00f6sung (Y)<\/strong><sup> 1<\/sup><\/th>\n<td>5.8-6.8 \u03bcm<\/td>\n<\/tr>\n<tr>\n<th><strong>Z-Linearit\u00e4t<\/strong><sup> 2, 5<\/sup><\/th>\n<td>0.015 %<\/td>\n<\/tr>\n<tr>\n<th><strong>Z-Wiederholgenauigkeit<\/strong><sup> 4, 5<\/sup><\/th>\n<td>0.1 \u00b5m<\/td>\n<\/tr>\n<tr>\n<th><strong>Gewicht<\/strong><\/th>\n<td>ca. 1350g<\/td>\n<\/tr>\n<tr>\n<th><strong>Artikelnummer<\/strong><\/th>\n<td>3.001.602 (Laserklasse 2)<br \/>\n3.004.602 (Laserklasse 3R)<\/td>\n<\/tr>\n<\/tbody>\n<\/table>\n<\/div>\n<\/div><div class=\"fusion-clearfix\"><\/div><\/div><\/div><div class=\"fusion-layout-column fusion_builder_column fusion-builder-column-6 fusion_builder_column_2_5 2_5 fusion-two-fifth fusion-column-last\" style=\"--awb-bg-size:cover;width:37.6%;\"><div class=\"fusion-column-wrapper fusion-flex-column-wrapper-legacy\"><div class=\"fusion-image-element in-legacy-container\" style=\"--awb-caption-title-font-family:var(--h2_typography-font-family);--awb-caption-title-font-weight:var(--h2_typography-font-weight);--awb-caption-title-font-style:var(--h2_typography-font-style);--awb-caption-title-size:var(--h2_typography-font-size);--awb-caption-title-transform:var(--h2_typography-text-transform);--awb-caption-title-line-height:var(--h2_typography-line-height);--awb-caption-title-letter-spacing:var(--h2_typography-letter-spacing);\"><span class=\" fusion-imageframe imageframe-none imageframe-2 hover-type-none\"><img decoding=\"async\" width=\"300\" height=\"209\" alt=\"Technical diagram of a 3D sensor&#039;s field of view, illustrating stand-off distance, measurement range, and focus areas across near, mid, and far fields.\" title=\"grafik_gruen_final\" src=\"https:\/\/www.smartray.com\/wp-content\/uploads\/2015\/04\/grafik_gruen_final-300x209.png\" class=\"img-responsive wp-image-20005\" srcset=\"https:\/\/www.smartray.com\/wp-content\/uploads\/2015\/04\/grafik_gruen_final-300x209.png 300w, https:\/\/www.smartray.com\/wp-content\/uploads\/2015\/04\/grafik_gruen_final-1024x712.png 1024w, https:\/\/www.smartray.com\/wp-content\/uploads\/2015\/04\/grafik_gruen_final.png 1400w\" sizes=\"(max-width: 300px) 100vw, 300px\" \/><\/span><\/div><div class=\"fusion-clearfix\"><\/div><\/div><\/div><div class=\"fusion-layout-column fusion_builder_column fusion-builder-column-7 fusion_builder_column_1_1 1_1 fusion-one-full fusion-column-first fusion-column-last fusion-column-no-min-height\" style=\"--awb-bg-size:cover;--awb-margin-bottom:0px;\"><div class=\"fusion-column-wrapper fusion-flex-column-wrapper-legacy\"><div class=\"fusion-sep-clear\"><\/div><div class=\"fusion-separator fusion-full-width-sep\" style=\"margin-left: auto;margin-right: auto;margin-top:15px;margin-bottom:15px;width:100%;\"><\/div><div class=\"fusion-sep-clear\"><\/div><div class=\"fusion-clearfix\"><\/div><\/div><\/div><div class=\"fusion-layout-column fusion_builder_column fusion-builder-column-8 fusion_builder_column_3_5 3_5 fusion-three-fifth fusion-column-first tabele-neu\" style=\"--awb-bg-size:cover;width:58.4%; margin-right: 4%;\"><div class=\"fusion-column-wrapper fusion-flex-column-wrapper-legacy\"><div class=\"fusion-text fusion-text-7\"><div class=\"smartray_table\">\n<table width=\"100%\">\n<tbody>\n<tr class=\"odd\">\n<th><strong>Maximale Punkte \/ 3D-Profil<\/strong><\/th>\n<td>3840<\/td>\n<\/tr>\n<tr>\n<th><strong>Typische Scanrate<\/strong> <sup>3<\/sup><\/th>\n<td>ca. 1 kHz &#8211; 10 kHz<\/td>\n<\/tr>\n<tr class=\"odd\">\n<th><strong>Typische 3D Punkterate<\/strong> <sup>3<\/sup><\/th>\n<td>ca. 0.7 &#8211; 15 Millionen Punkte\/ Sek<\/td>\n<\/tr>\n<tr>\n<th><strong>Schnittstellen<\/strong><\/th>\n<td>Gigabit Ethernet ( 1 Gbit\/ sec)<\/td>\n<\/tr>\n<tr class=\"odd\">\n<th><strong>Inputs<\/strong><\/th>\n<td>2x Inputs (5 \u2013 24 VDC)<br \/>\nQuadrature Encoder (AB-Channel, RS-422 standard)<\/td>\n<\/tr>\n<tr>\n<th><strong>Outputs<\/strong><\/th>\n<td>2 x Outputs, 24 VDC (max. 20 mA)<\/td>\n<\/tr>\n<tr class=\"odd\">\n<th><strong>Trigger<\/strong><\/th>\n<td>START Trigger support on Input 1 \u2013 2<br \/>\nDATA Trigger support on Quadrature Encoder Input (Max. DATA trigger rate: 1 MHz)<br \/>\nDATA Trigger support on Input 2 (Max. DATA trigger rate: 10 kHz)<\/td>\n<\/tr>\n<tr>\n<th><strong>Betriebsspannung| Leistungsaufnahme<\/strong><\/th>\n<td>24 VDC \u00b1 15% 17W<\/td>\n<\/tr>\n<tr class=\"odd\">\n<th><strong>Laser Wellenl\u00e4nge<\/strong><\/th>\n<td>450 nm<\/td>\n<\/tr>\n<tr>\n<th><strong>Laserklassen <\/strong>(standard | optional)<\/th>\n<td>2 | 3R<\/td>\n<\/tr>\n<tr class=\"odd\">\n<th><strong>EMC Pr\u00fcfung<\/strong><\/th>\n<td>as per EN 61 000-6-2, EN 61 000-6-4, EN 61326-1:2013-07<\/td>\n<\/tr>\n<tr>\n<th><strong>Lasersicherheitseing\u00e4nge<\/strong><\/th>\n<td>24 VDC | 0V<\/td>\n<\/tr>\n<tr class=\"odd\">\n<th><strong>Elektrische Sicherheit<\/strong><\/th>\n<td>as per EN 61 010-1-3<\/td>\n<\/tr>\n<tr>\n<th><strong>Schutzklasse<\/strong><\/th>\n<td>III, as per EN 61 040-3<\/td>\n<\/tr>\n<tr class=\"odd\">\n<th><strong>Enclosure rating<\/strong><\/th>\n<td>IP65<\/td>\n<\/tr>\n<tr>\n<th><strong>Luftfeuchtigkeit<\/strong><\/th>\n<td>Maximum 90%, non-condensing<\/td>\n<\/tr>\n<tr class=\"odd\">\n<th><strong>Temperatur <\/strong>(Betrieb | Lage)<\/th>\n<td>0 \u2013 40\u00b0 C | -20 \u2013 70\u00b0 C<\/td>\n<\/tr>\n<tr>\n<th><strong>Zubeh\u00f6r<\/strong><\/th>\n<td>Power-I\/O-Encoder cable: 6.320.0XX<br \/>\nEthernet cable: 6.303.0XX<br \/>\nY-Encoder Cable: 6.445.003<\/td>\n<\/tr>\n<\/tbody>\n<\/table>\n<p>(1) Typical values can vary up to 5% due to optical tolerances<br \/>\n(2) Z-Linearity calculated as a variation of &#8222;bias&#8220; (reference value vs. measured value) over the measurement range. The %slope of a best-fit (regression) line from a plot of bias over measurement range represents Z-Linearity<br \/>\n(3) Scan rate &amp; point rate are dependent on the configured field of view, measurement range and exposure time. The typical scan\/point rate has been estimated with an exposure time of 1 \u00b5sec<br \/>\n(4) Experimentally asessed by scanning a measurement target moving over a conveyor belt 50 times. Measurement perfomed by averaging height values within the Z-Map image. No post-processing filters applied<br \/>\n(5) Measurements performed on a SmartRay standard artifact which is an aluminium flat matt surface painted matte white<\/p>\n<\/div>\n<\/div><div class=\"fusion-clearfix\"><\/div><\/div><\/div><div class=\"fusion-layout-column fusion_builder_column fusion-builder-column-9 fusion_builder_column_2_5 2_5 fusion-two-fifth fusion-column-last\" style=\"--awb-bg-size:cover;width:37.6%;\"><div class=\"fusion-column-wrapper fusion-flex-column-wrapper-legacy\"><div class=\"fusion-align-block\"><a class=\"fusion-button button-flat button-large button-custom fusion-button-default button-1 fusion-button-span-yes fusion-button-default-type button-blau\" style=\"--button_accent_color:#ffffff;--button_border_color:#ffffff;--button_accent_hover_color:#ffffff;--button_border_hover_color:#ffffff;--button_gradient_top_color:#35c3f5;--button_gradient_bottom_color:#35c3f5;--button_gradient_top_color_hover:#35c3f5;--button_gradient_bottom_color_hover:#35c3f5;\" target=\"_self\" href=\"https:\/\/3d.smartray.com\/dual-head-ecco95plus-datasheet\/\"><span class=\"fusion-button-icon-divider button-icon-divider-left\"><i class=\"fa-download fas awb-button__icon awb-button__icon--default\" aria-hidden=\"true\"><\/i><\/span><span class=\"fusion-button-text awb-button__text awb-button__text--default fusion-button-text-left\">Datenblatt Download<\/span><\/a><\/div><div class=\"fusion-sep-clear\"><\/div><div class=\"fusion-separator fusion-full-width-sep\" style=\"margin-left: auto;margin-right: auto;margin-top:10px;width:100%;\"><\/div><div class=\"fusion-sep-clear\"><\/div><div class=\"fusion-align-block\"><a class=\"fusion-button button-flat button-large button-custom fusion-button-default button-2 fusion-button-span-yes fusion-button-default-type button-blau\" style=\"--button_accent_color:#ffffff;--button_border_color:#ffffff;--button_accent_hover_color:#ffffff;--button_border_hover_color:#ffffff;--button_gradient_top_color:#c7d244;--button_gradient_bottom_color:#c7d244;--button_gradient_top_color_hover:#c7d244;--button_gradient_bottom_color_hover:#c7d244;\" target=\"_self\" href=\"\/?page_id=12126\"><span class=\"fusion-button-icon-divider button-icon-divider-left\"><i class=\"fa-wrench fas awb-button__icon awb-button__icon--default\" aria-hidden=\"true\"><\/i><\/span><span class=\"fusion-button-text awb-button__text awb-button__text--default fusion-button-text-left\">\u00dcber unsere Technologie<\/span><\/a><\/div><div class=\"fusion-sep-clear\"><\/div><div class=\"fusion-separator fusion-full-width-sep\" style=\"margin-left: auto;margin-right: auto;margin-top:20px;width:100%;\"><\/div><div class=\"fusion-sep-clear\"><\/div><div class=\"fusion-clearfix\"><\/div><\/div><\/div><\/div><\/div><\/p>\n","protected":false},"excerpt":{"rendered":"","protected":false},"author":12,"featured_media":0,"parent":0,"menu_order":0,"comment_status":"closed","ping_status":"closed","template":"","meta":{"footnotes":""},"class_list":["post-21785","page","type-page","status-publish","hentry"],"yoast_head":"<!-- This site is optimized with the Yoast SEO plugin v27.3 - https:\/\/yoast.com\/product\/yoast-seo-wordpress\/ -->\n<title>Dual-Head ECCO 95.010+ - SmartRay<\/title>\n<meta name=\"description\" content=\"Dual-Head ECCO 95.010+: Pr\u00e4zise, schattenfreie 3D-Scans. Ultrahohe Aufl\u00f6sung, 4 mm Messbereich und 0,1 \u00b5m Wiederholgenauigkeit.\" \/>\n<meta name=\"robots\" content=\"index, follow, max-snippet:-1, max-image-preview:large, max-video-preview:-1\" \/>\n<link rel=\"canonical\" href=\"https:\/\/www.smartray.com\/de\/dual-head-ecco-95-010\/\" \/>\n<meta property=\"og:locale\" content=\"de_DE\" \/>\n<meta property=\"og:type\" content=\"article\" \/>\n<meta property=\"og:title\" content=\"Dual-Head ECCO 95.010+ - SmartRay\" \/>\n<meta property=\"og:description\" content=\"Dual-Head ECCO 95.010+: Pr\u00e4zise, schattenfreie 3D-Scans. Ultrahohe Aufl\u00f6sung, 4 mm Messbereich und 0,1 \u00b5m Wiederholgenauigkeit.\" \/>\n<meta property=\"og:url\" content=\"https:\/\/www.smartray.com\/de\/dual-head-ecco-95-010\/\" \/>\n<meta property=\"og:site_name\" content=\"SmartRay\" \/>\n<meta property=\"article:modified_time\" content=\"2025-12-10T13:57:51+00:00\" \/>\n<meta name=\"twitter:card\" content=\"summary_large_image\" \/>\n<meta name=\"twitter:label1\" content=\"Gesch\u00e4tzte Lesezeit\" \/>\n\t<meta name=\"twitter:data1\" content=\"3\u00a0Minuten\" \/>\n<script type=\"application\/ld+json\" class=\"yoast-schema-graph\">{\"@context\":\"https:\\\/\\\/schema.org\",\"@graph\":[{\"@type\":\"WebPage\",\"@id\":\"https:\\\/\\\/www.smartray.com\\\/de\\\/dual-head-ecco-95-010\\\/\",\"url\":\"https:\\\/\\\/www.smartray.com\\\/de\\\/dual-head-ecco-95-010\\\/\",\"name\":\"Dual-Head ECCO 95.010+ - SmartRay\",\"isPartOf\":{\"@id\":\"https:\\\/\\\/www.smartray.com\\\/de\\\/#website\"},\"datePublished\":\"2021-11-12T09:47:10+00:00\",\"dateModified\":\"2025-12-10T13:57:51+00:00\",\"description\":\"Dual-Head ECCO 95.010+: Pr\u00e4zise, schattenfreie 3D-Scans. Ultrahohe Aufl\u00f6sung, 4 mm Messbereich und 0,1 \u00b5m Wiederholgenauigkeit.\",\"breadcrumb\":{\"@id\":\"https:\\\/\\\/www.smartray.com\\\/de\\\/dual-head-ecco-95-010\\\/#breadcrumb\"},\"inLanguage\":\"de\",\"potentialAction\":[{\"@type\":\"ReadAction\",\"target\":[\"https:\\\/\\\/www.smartray.com\\\/de\\\/dual-head-ecco-95-010\\\/\"]}]},{\"@type\":\"BreadcrumbList\",\"@id\":\"https:\\\/\\\/www.smartray.com\\\/de\\\/dual-head-ecco-95-010\\\/#breadcrumb\",\"itemListElement\":[{\"@type\":\"ListItem\",\"position\":1,\"name\":\"Home\",\"item\":\"https:\\\/\\\/www.smartray.com\\\/de\\\/\"},{\"@type\":\"ListItem\",\"position\":2,\"name\":\"Dual-Head ECCO 95.010+\"}]},{\"@type\":\"WebSite\",\"@id\":\"https:\\\/\\\/www.smartray.com\\\/de\\\/#website\",\"url\":\"https:\\\/\\\/www.smartray.com\\\/de\\\/\",\"name\":\"SmartRay\",\"description\":\"Cutting-edge 3D sensors for inspection, guidance and measurement\",\"potentialAction\":[{\"@type\":\"SearchAction\",\"target\":{\"@type\":\"EntryPoint\",\"urlTemplate\":\"https:\\\/\\\/www.smartray.com\\\/de\\\/?s={search_term_string}\"},\"query-input\":{\"@type\":\"PropertyValueSpecification\",\"valueRequired\":true,\"valueName\":\"search_term_string\"}}],\"inLanguage\":\"de\"}]}<\/script>\n<!-- \/ Yoast SEO plugin. -->","yoast_head_json":{"title":"Dual-Head ECCO 95.010+ - SmartRay","description":"Dual-Head ECCO 95.010+: Pr\u00e4zise, schattenfreie 3D-Scans. Ultrahohe Aufl\u00f6sung, 4 mm Messbereich und 0,1 \u00b5m Wiederholgenauigkeit.","robots":{"index":"index","follow":"follow","max-snippet":"max-snippet:-1","max-image-preview":"max-image-preview:large","max-video-preview":"max-video-preview:-1"},"canonical":"https:\/\/www.smartray.com\/de\/dual-head-ecco-95-010\/","og_locale":"de_DE","og_type":"article","og_title":"Dual-Head ECCO 95.010+ - SmartRay","og_description":"Dual-Head ECCO 95.010+: Pr\u00e4zise, schattenfreie 3D-Scans. Ultrahohe Aufl\u00f6sung, 4 mm Messbereich und 0,1 \u00b5m Wiederholgenauigkeit.","og_url":"https:\/\/www.smartray.com\/de\/dual-head-ecco-95-010\/","og_site_name":"SmartRay","article_modified_time":"2025-12-10T13:57:51+00:00","twitter_card":"summary_large_image","twitter_misc":{"Gesch\u00e4tzte Lesezeit":"3\u00a0Minuten"},"schema":{"@context":"https:\/\/schema.org","@graph":[{"@type":"WebPage","@id":"https:\/\/www.smartray.com\/de\/dual-head-ecco-95-010\/","url":"https:\/\/www.smartray.com\/de\/dual-head-ecco-95-010\/","name":"Dual-Head ECCO 95.010+ - SmartRay","isPartOf":{"@id":"https:\/\/www.smartray.com\/de\/#website"},"datePublished":"2021-11-12T09:47:10+00:00","dateModified":"2025-12-10T13:57:51+00:00","description":"Dual-Head ECCO 95.010+: Pr\u00e4zise, schattenfreie 3D-Scans. Ultrahohe Aufl\u00f6sung, 4 mm Messbereich und 0,1 \u00b5m Wiederholgenauigkeit.","breadcrumb":{"@id":"https:\/\/www.smartray.com\/de\/dual-head-ecco-95-010\/#breadcrumb"},"inLanguage":"de","potentialAction":[{"@type":"ReadAction","target":["https:\/\/www.smartray.com\/de\/dual-head-ecco-95-010\/"]}]},{"@type":"BreadcrumbList","@id":"https:\/\/www.smartray.com\/de\/dual-head-ecco-95-010\/#breadcrumb","itemListElement":[{"@type":"ListItem","position":1,"name":"Home","item":"https:\/\/www.smartray.com\/de\/"},{"@type":"ListItem","position":2,"name":"Dual-Head ECCO 95.010+"}]},{"@type":"WebSite","@id":"https:\/\/www.smartray.com\/de\/#website","url":"https:\/\/www.smartray.com\/de\/","name":"SmartRay","description":"Cutting-edge 3D sensors for inspection, guidance and measurement","potentialAction":[{"@type":"SearchAction","target":{"@type":"EntryPoint","urlTemplate":"https:\/\/www.smartray.com\/de\/?s={search_term_string}"},"query-input":{"@type":"PropertyValueSpecification","valueRequired":true,"valueName":"search_term_string"}}],"inLanguage":"de"}]}},"_links":{"self":[{"href":"https:\/\/www.smartray.com\/de\/wp-json\/wp\/v2\/pages\/21785","targetHints":{"allow":["GET"]}}],"collection":[{"href":"https:\/\/www.smartray.com\/de\/wp-json\/wp\/v2\/pages"}],"about":[{"href":"https:\/\/www.smartray.com\/de\/wp-json\/wp\/v2\/types\/page"}],"author":[{"embeddable":true,"href":"https:\/\/www.smartray.com\/de\/wp-json\/wp\/v2\/users\/12"}],"replies":[{"embeddable":true,"href":"https:\/\/www.smartray.com\/de\/wp-json\/wp\/v2\/comments?post=21785"}],"version-history":[{"count":13,"href":"https:\/\/www.smartray.com\/de\/wp-json\/wp\/v2\/pages\/21785\/revisions"}],"predecessor-version":[{"id":23643,"href":"https:\/\/www.smartray.com\/de\/wp-json\/wp\/v2\/pages\/21785\/revisions\/23643"}],"wp:attachment":[{"href":"https:\/\/www.smartray.com\/de\/wp-json\/wp\/v2\/media?parent=21785"}],"curies":[{"name":"wp","href":"https:\/\/api.w.org\/{rel}","templated":true}]}}