{"id":22975,"date":"2024-12-13T10:39:30","date_gmt":"2024-12-13T10:39:30","guid":{"rendered":"https:\/\/www.smartray.com\/?page_id=22975"},"modified":"2025-12-10T13:47:50","modified_gmt":"2025-12-10T13:47:50","slug":"ecco-x-100","status":"publish","type":"page","link":"https:\/\/www.smartray.com\/de\/3d-sensoren\/ecco-x-100\/","title":{"rendered":"ECCO X 100"},"content":{"rendered":"<p><div class=\"fusion-fullwidth fullwidth-box fusion-builder-row-1 nonhundred-percent-fullwidth non-hundred-percent-height-scrolling typo_unterseite_green\" style=\"--awb-background-position:left top;--awb-border-sizes-top:0px;--awb-border-sizes-bottom:0px;--awb-border-sizes-left:0px;--awb-border-sizes-right:0px;--awb-border-radius-top-left:0px;--awb-border-radius-top-right:0px;--awb-border-radius-bottom-right:0px;--awb-border-radius-bottom-left:0px;--awb-padding-top:20px;--awb-padding-bottom:20px;--awb-flex-wrap:wrap;\" ><div class=\"fusion-builder-row fusion-row\"><div class=\"fusion-layout-column fusion_builder_column fusion-builder-column-0 fusion_builder_column_1_1 1_1 fusion-one-full fusion-column-first fusion-column-last fusion-column-no-min-height\" style=\"--awb-bg-size:cover;--awb-margin-bottom:0px;\"><div class=\"fusion-column-wrapper fusion-flex-column-wrapper-legacy\"><div class=\"fusion-text fusion-text-1\"><h2><strong>ECCO X<\/strong><\/h2>\n<p>SCHNELL &#8211; FLEXIBEL- KOMPAKT<\/p>\n<\/div><div class=\"fusion-text fusion-text-2\"><p>Das neue ECCO X-Modell bietet au\u00dfergew\u00f6hnliche Geschwindigkeit und Aufl\u00f6sung in einem ultra-kompakten Design. Mit diesem innovativen neuen Sensor, gelingt es 3D-Laserscannen f\u00fcr Kunden verf\u00fcgbar zu machen, bei denen zuvor 3D-Lasertriangulation aufgrund von Geschwindigkeits- oder Aufl\u00f6sungsproblemen keine praktikable L\u00f6sung war. Ultra-High-Definition gepaart mit hoher Geschwindigkeit f\u00fcr beste Performance unter herausfordernden Bedingungen.<\/p>\n<p>Der ECCO X 100 wird mit zwei verschiedenen Laserwellenl\u00e4ngen angeboten, so dass je nach Anwendungsfall zwischen einem blauen (450 nm) und einem roten (660 nm) Laser die passende L\u00f6sung gew\u00e4hlt werden kann.<\/p>\n<\/div><div class=\"fusion-clearfix\"><\/div><\/div><\/div><\/div><\/div><div class=\"fusion-fullwidth fullwidth-box fusion-builder-row-2 nonhundred-percent-fullwidth non-hundred-percent-height-scrolling\" style=\"--awb-background-position:left top;--awb-border-sizes-top:0px;--awb-border-sizes-bottom:0px;--awb-border-sizes-left:0px;--awb-border-sizes-right:0px;--awb-border-radius-top-left:0px;--awb-border-radius-top-right:0px;--awb-border-radius-bottom-right:0px;--awb-border-radius-bottom-left:0px;--awb-padding-top:20px;--awb-padding-bottom:20px;--awb-flex-wrap:wrap;\" ><div class=\"fusion-builder-row fusion-row\"><div class=\"fusion-layout-column fusion_builder_column fusion-builder-column-1 fusion_builder_column_2_5 2_5 fusion-two-fifth fusion-column-first\" style=\"--awb-bg-size:cover;width:37.6%; margin-right: 4%;\"><div class=\"fusion-column-wrapper fusion-flex-column-wrapper-legacy\"><div class=\"fusion-image-element fusion-image-align-center in-legacy-container\" style=\"text-align:center;--awb-caption-title-font-family:var(--h2_typography-font-family);--awb-caption-title-font-weight:var(--h2_typography-font-weight);--awb-caption-title-font-style:var(--h2_typography-font-style);--awb-caption-title-size:var(--h2_typography-font-size);--awb-caption-title-transform:var(--h2_typography-text-transform);--awb-caption-title-line-height:var(--h2_typography-line-height);--awb-caption-title-letter-spacing:var(--h2_typography-letter-spacing);\"><div class=\"imageframe-align-center\"><span class=\" fusion-imageframe imageframe-none imageframe-1 hover-type-none\"><img decoding=\"async\" width=\"300\" height=\"300\" alt=\"ECCO X 100 - 3D Sensor von Smartray\" title=\"ECCO X 100\" src=\"https:\/\/www.smartray.com\/wp-content\/uploads\/2024\/12\/ECCO-X-100-2-300x300.png\" class=\"img-responsive wp-image-22950\" srcset=\"https:\/\/www.smartray.com\/wp-content\/uploads\/2024\/12\/ECCO-X-100-2-200x200.png 200w, https:\/\/www.smartray.com\/wp-content\/uploads\/2024\/12\/ECCO-X-100-2-400x400.png 400w, https:\/\/www.smartray.com\/wp-content\/uploads\/2024\/12\/ECCO-X-100-2-600x600.png 600w, https:\/\/www.smartray.com\/wp-content\/uploads\/2024\/12\/ECCO-X-100-2-800x800.png 800w, https:\/\/www.smartray.com\/wp-content\/uploads\/2024\/12\/ECCO-X-100-2.png 1080w\" sizes=\"(max-width: 800px) 100vw, 600px\" \/><\/span><\/div><\/div><div class=\"fusion-clearfix\"><\/div><\/div><\/div><div class=\"fusion-layout-column fusion_builder_column fusion-builder-column-2 fusion_builder_column_3_5 3_5 fusion-three-fifth fusion-column-last typo_unterseite_green_product\" style=\"--awb-bg-size:cover;width:58.4%;\"><div class=\"fusion-column-wrapper fusion-flex-column-wrapper-legacy\"><div class=\"fusion-text fusion-text-3\"><h3>Eigenschaften &amp; Vorteile<\/h3>\n<\/div><div class=\"fusion-sep-clear\"><\/div><div class=\"fusion-separator fusion-full-width-sep\" style=\"margin-left: auto;margin-right: auto;margin-top:5px;width:100%;\"><\/div><div class=\"fusion-sep-clear\"><\/div><ul style=\"--awb-size:18px;--awb-iconcolor:#c8cd00;--awb-line-height:30.6px;--awb-icon-width:30.6px;--awb-icon-height:30.6px;--awb-icon-margin:12.6px;--awb-content-margin:43.2px;\" class=\"fusion-checklist fusion-checklist-1 fusion-checklist-default type-icons check\"><li class=\"fusion-li-item\" style=\"\"><span class=\"icon-wrapper circle-no\"><i class=\"fusion-li-icon fa-check fas\" aria-hidden=\"true\"><\/i><\/span><div class=\"fusion-li-item-content\">\n<p>AUSSERGEW\u00d6HNLICHE GESCHWINDIGKEIT<br \/>\nbis zu 40 kHz Scanrate<\/p>\n<\/div><\/li><li class=\"fusion-li-item\" style=\"\"><span class=\"icon-wrapper circle-no\"><i class=\"fusion-li-icon fa-check fas\" aria-hidden=\"true\"><\/i><\/span><div class=\"fusion-li-item-content\">\n<p>ULTRA HD AUFL\u00d6SUNG<br \/>\n4096 3D-Punkte<\/p>\n<\/div><\/li><li class=\"fusion-li-item\" style=\"\"><span class=\"icon-wrapper circle-no\"><i class=\"fusion-li-icon fa-check fas\" aria-hidden=\"true\"><\/i><\/span><div class=\"fusion-li-item-content\">\n<p>MAXIMALE FLEXIBILIT\u00c4T<br \/>\n4 Anschlussm\u00f6glichkeiten<\/p>\n<\/div><\/li><li class=\"fusion-li-item\" style=\"\"><span class=\"icon-wrapper circle-no\"><i class=\"fusion-li-icon fa-check fas\" aria-hidden=\"true\"><\/i><\/span><div class=\"fusion-li-item-content\">\n<p>KOMPAKTES DESIGN<br \/>\nkleinster seiner Klasse<\/p>\n<\/div><\/li><li class=\"fusion-li-item\" style=\"\"><span class=\"icon-wrapper circle-no\"><i class=\"fusion-li-icon fa-check fas\" aria-hidden=\"true\"><\/i><\/span><div class=\"fusion-li-item-content\">\n<p>WAHL DER LASERWELLENL\u00c4NGE<br \/>\n450 nm (blau)\/ 660 nm (rot)<\/p>\n<\/div><\/li><\/ul><div class=\"fusion-clearfix\"><\/div><\/div><\/div><\/div><\/div><div class=\"fusion-fullwidth fullwidth-box fusion-builder-row-3 nonhundred-percent-fullwidth non-hundred-percent-height-scrolling\" style=\"--awb-background-position:left top;--awb-border-sizes-top:0px;--awb-border-sizes-bottom:0px;--awb-border-sizes-left:0px;--awb-border-sizes-right:0px;--awb-border-radius-top-left:0px;--awb-border-radius-top-right:0px;--awb-border-radius-bottom-right:0px;--awb-border-radius-bottom-left:0px;--awb-padding-top:20px;--awb-padding-bottom:0px;--awb-flex-wrap:wrap;\" ><div class=\"fusion-builder-row fusion-row\"><div class=\"fusion-layout-column fusion_builder_column fusion-builder-column-3 fusion_builder_column_1_2 1_2 fusion-one-half fusion-column-first\" style=\"--awb-bg-size:cover;width:48%; margin-right: 4%;\"><div class=\"fusion-column-wrapper fusion-flex-column-wrapper-legacy\"><div class=\"fusion-text fusion-text-4\"><p>SmartRay\u2122<\/p>\n<h1>ECCO X 100<\/h1>\n<\/div><div class=\"fusion-clearfix\"><\/div><\/div><\/div><div class=\"fusion-layout-column fusion_builder_column fusion-builder-column-4 fusion_builder_column_1_2 1_2 fusion-one-half fusion-column-last\" style=\"--awb-bg-size:cover;width:48%;\"><div class=\"fusion-column-wrapper fusion-flex-column-wrapper-legacy\"><div class=\"fusion-text fusion-text-5\"><p><a href=\"https:\/\/www.smartray.com\/de\/3d-sensoren\/\">zu allen Sensoren<\/a><\/p>\n<\/div><div class=\"fusion-clearfix\"><\/div><\/div><\/div><div class=\"fusion-layout-column fusion_builder_column fusion-builder-column-5 fusion_builder_column_3_5 3_5 fusion-three-fifth fusion-column-first\" style=\"--awb-bg-size:cover;width:58.4%; margin-right: 4%;\"><div class=\"fusion-column-wrapper fusion-flex-column-wrapper-legacy\"><div class=\"fusion-text fusion-text-6\"><div class=\"smartray_table\">\n<table width=\"100%\">\n<tbody>\n<tr>\n<th><strong>Typisches Sichtfeld<\/strong> (nah|<b>mittel<\/b>|fern)<\/th>\n<td>79 | 100 | 121 mm<\/td>\n<\/tr>\n<tr>\n<th><strong>Messbereich<\/strong><\/th>\n<td>100 mm<\/td>\n<\/tr>\n<tr>\n<th><strong>Stand-off Distanz<\/strong><\/th>\n<td>191 mm<\/td>\n<\/tr>\n<tr>\n<th><strong>Typische vertikale Aufl\u00f6sung (Z)<\/strong><\/th>\n<td>4 &#8211; 9.5 \u03bcm<\/td>\n<\/tr>\n<tr>\n<th><strong>Typische laterale Aufl\u00f6sung (Y)<br \/>\n<\/strong><\/th>\n<td>17 &#8211; 30 \u03bcm<\/td>\n<\/tr>\n<tr>\n<th><strong>Z-Linearit\u00e4t<\/strong><\/th>\n<td>0.0023%<\/td>\n<\/tr>\n<tr>\n<th><strong>Z-Wiederholgenauigkeit<\/strong><\/th>\n<td>0.5 \u03bcm<\/td>\n<\/tr>\n<tr>\n<th><strong>Gewicht<\/strong><\/th>\n<td>ca. 850g<\/td>\n<\/tr>\n<tr>\n<th><strong>Artikelnummer<\/strong><\/th>\n<td>3.005.132 (blauer Laser) | 3.004.133 (roter Laser)<\/td>\n<\/tr>\n<\/tbody>\n<\/table>\n<\/div>\n<\/div><div class=\"fusion-clearfix\"><\/div><\/div><\/div><div class=\"fusion-layout-column fusion_builder_column fusion-builder-column-6 fusion_builder_column_2_5 2_5 fusion-two-fifth fusion-column-last\" style=\"--awb-bg-size:cover;width:37.6%;\"><div class=\"fusion-column-wrapper fusion-flex-column-wrapper-legacy\"><div class=\"fusion-image-element in-legacy-container\" style=\"--awb-caption-title-font-family:var(--h2_typography-font-family);--awb-caption-title-font-weight:var(--h2_typography-font-weight);--awb-caption-title-font-style:var(--h2_typography-font-style);--awb-caption-title-size:var(--h2_typography-font-size);--awb-caption-title-transform:var(--h2_typography-text-transform);--awb-caption-title-line-height:var(--h2_typography-line-height);--awb-caption-title-letter-spacing:var(--h2_typography-letter-spacing);\"><span class=\" fusion-imageframe imageframe-none imageframe-2 hover-type-none\"><img decoding=\"async\" width=\"300\" height=\"209\" alt=\"Technical diagram of a 3D sensor&#039;s field of view, illustrating stand-off distance, measurement range, and focus areas across near, mid, and far fields.\" title=\"grafik_gruen_final\" src=\"https:\/\/www.smartray.com\/wp-content\/uploads\/2015\/04\/grafik_gruen_final-300x209.png\" class=\"img-responsive wp-image-20005\" srcset=\"https:\/\/www.smartray.com\/wp-content\/uploads\/2015\/04\/grafik_gruen_final-300x209.png 300w, https:\/\/www.smartray.com\/wp-content\/uploads\/2015\/04\/grafik_gruen_final-1024x712.png 1024w, https:\/\/www.smartray.com\/wp-content\/uploads\/2015\/04\/grafik_gruen_final.png 1400w\" sizes=\"(max-width: 300px) 100vw, 300px\" \/><\/span><\/div><div class=\"fusion-clearfix\"><\/div><\/div><\/div><div class=\"fusion-layout-column fusion_builder_column fusion-builder-column-7 fusion_builder_column_1_1 1_1 fusion-one-full fusion-column-first fusion-column-last fusion-column-no-min-height\" style=\"--awb-bg-size:cover;--awb-margin-bottom:0px;\"><div class=\"fusion-column-wrapper fusion-flex-column-wrapper-legacy\"><div class=\"fusion-sep-clear\"><\/div><div class=\"fusion-separator fusion-full-width-sep\" style=\"margin-left: auto;margin-right: auto;margin-top:15px;margin-bottom:15px;width:100%;\"><\/div><div class=\"fusion-sep-clear\"><\/div><div class=\"fusion-clearfix\"><\/div><\/div><\/div><div class=\"fusion-layout-column fusion_builder_column fusion-builder-column-8 fusion_builder_column_3_5 3_5 fusion-three-fifth fusion-column-first tabele-neu\" style=\"--awb-bg-size:cover;width:58.4%; margin-right: 4%;\"><div class=\"fusion-column-wrapper fusion-flex-column-wrapper-legacy\"><div class=\"fusion-text fusion-text-7\"><div class=\"smartray_table\">\n<table width=\"100%\">\n<tbody>\n<tr class=\"odd\">\n<th><strong>Maximale Punkte \/ 3D-Profil<\/strong><\/th>\n<td>4096<\/td>\n<\/tr>\n<tr>\n<th><strong>Typische Scanrate<\/strong>\u00a0<sup>1<\/sup><\/th>\n<td>bis zu 40 kHz<\/td>\n<\/tr>\n<tr class=\"odd\">\n<th><strong>Typische 3D Punkterate<\/strong>\u00a0<sup>1<\/sup><\/th>\n<td>bis zu 163 million points\/sec<\/td>\n<\/tr>\n<tr>\n<th><strong>Schnittstellen<\/strong><\/th>\n<td>Gigabit Ethernet ( 1 Gbit\/ sec)<\/td>\n<\/tr>\n<tr class=\"odd\">\n<th><strong>Inputs<\/strong><\/th>\n<td>2x Inputs (5 \u2013 24 VDC)<br \/>\nQuadrature Encoder (AB-Channel, RS-422 standard)<\/td>\n<\/tr>\n<tr>\n<th><strong>Outputs<\/strong><\/th>\n<td>2 x Outputs, 24 VDC (max. 20 mA)<\/td>\n<\/tr>\n<tr class=\"odd\">\n<th><strong>Trigger<\/strong><\/th>\n<td>START Trigger support on Input 1<br \/>\nDATA Trigger support on Quadrature Encoder Input (Max. DATA trigger rate: 1 MHz)<br \/>\nDATA Trigger support on Input 2 (Max. DATA trigger rate: 5 kHz)<\/td>\n<\/tr>\n<tr>\n<th><strong>Betriebsspannung| Leistungsaufnahme<\/strong><\/th>\n<td>24 VDC, \u00b1 15% | 10 W<\/td>\n<\/tr>\n<tr class=\"odd\">\n<th><strong>Laser Wellenl\u00e4nge<\/strong><\/th>\n<td>450 nm | 660 nm (optional)<\/td>\n<\/tr>\n<tr>\n<th><strong>Laserklasse<\/strong><\/th>\n<td>3R | 2 (optional)<\/td>\n<\/tr>\n<tr>\n<th><strong>Maximales Umgebungslicht<\/strong><\/th>\n<td>10.000 lx<\/td>\n<\/tr>\n<tr>\n<th><strong>EMC Pr\u00fcfung<\/strong><\/th>\n<td>gem\u00e4\u00df EN 61 000-6-2, EN 61 000-6-4, EN 61326-1:2013-07<\/td>\n<\/tr>\n<tr class=\"odd\">\n<th><strong>Lasersicherheitseing\u00e4nge<\/strong><\/th>\n<td>24 V DC +\/- 15%<\/td>\n<\/tr>\n<tr>\n<th><strong>Elektrische Sicherheit<\/strong><\/th>\n<td>gem\u00e4\u00df EN 61 010-1<\/td>\n<\/tr>\n<tr class=\"odd\">\n<th><strong>Schutzklasse<\/strong><\/th>\n<td>gem\u00e4\u00df EN 61 010-3<\/td>\n<\/tr>\n<tr>\n<th><strong>Schutzart<\/strong><\/th>\n<td>IP67<\/td>\n<\/tr>\n<tr class=\"odd\">\n<th><strong>Luftfeuchtigkeit<\/strong><\/th>\n<td>Maximum 90%, nicht kondensierend<\/td>\n<\/tr>\n<tr>\n<th><strong>Temperatur <\/strong>(Betrieb | Lagerung)<\/th>\n<td>0 \u2013 40\u00b0 C | -20 \u2013 70\u00b0 C<\/td>\n<\/tr>\n<tr class=\"odd\">\n<th><strong>Zubeh\u00f6r<\/strong><\/th>\n<td>Power-I\/O-Encoder Kabel: 6.320.0XX<br \/>\nEthernet Kabel: 6.303.0XX in 5 m oder 10 m<\/td>\n<\/tr>\n<\/tbody>\n<\/table>\n<p><sup>1<\/sup> Scanrate &amp; Punktrate sind abh\u00e4ngig vom konfigurierten Sichtfeld, Messbereich und Belichtungszeit. Die typische Scanrate kann durch Beschr\u00e4nken des FOV und Binning weiter gesteigert werden.<\/p>\n<p>Hinweis: Typische Werte k\u00f6nnen aufgrund optischer und produktionsbedingter Toleranzen um bis zu \u00b15 % abweichen<\/p>\n<\/div>\n<\/div><div class=\"fusion-clearfix\"><\/div><\/div><\/div><div class=\"fusion-layout-column fusion_builder_column fusion-builder-column-9 fusion_builder_column_2_5 2_5 fusion-two-fifth fusion-column-last\" style=\"--awb-bg-size:cover;width:37.6%;\"><div class=\"fusion-column-wrapper fusion-flex-column-wrapper-legacy\"><div class=\"fusion-align-block\"><a class=\"fusion-button button-flat button-large button-custom fusion-button-default button-1 fusion-button-span-yes fusion-button-default-type button-blau\" style=\"--button_accent_color:#ffffff;--button_border_color:#ffffff;--button_accent_hover_color:#ffffff;--button_border_hover_color:#ffffff;--button_gradient_top_color:#35c3f5;--button_gradient_bottom_color:#35c3f5;--button_gradient_top_color_hover:#35c3f5;--button_gradient_bottom_color_hover:#35c3f5;\" target=\"_self\" href=\"https:\/\/3d.smartray.com\/eccox-datasheet\/\"><span class=\"fusion-button-icon-divider button-icon-divider-left\"><i class=\"fa-download fas awb-button__icon awb-button__icon--default\" aria-hidden=\"true\"><\/i><\/span><span class=\"fusion-button-text awb-button__text awb-button__text--default fusion-button-text-left\">Datenblatt zum Download<\/span><\/a><\/div><div class=\"fusion-sep-clear\"><\/div><div class=\"fusion-separator fusion-full-width-sep\" style=\"margin-left: auto;margin-right: auto;margin-top:10px;width:100%;\"><\/div><div class=\"fusion-sep-clear\"><\/div><div class=\"fusion-align-block\"><a class=\"fusion-button button-flat button-large button-custom fusion-button-default button-2 fusion-button-span-yes fusion-button-default-type button-blau\" style=\"--button_accent_color:#ffffff;--button_border_color:#ffffff;--button_accent_hover_color:#ffffff;--button_border_hover_color:#ffffff;--button_gradient_top_color:#c7d244;--button_gradient_bottom_color:#c7d244;--button_gradient_top_color_hover:#c7d244;--button_gradient_bottom_color_hover:#c7d244;\" target=\"_self\" href=\"\/?page_id=12126\"><span class=\"fusion-button-icon-divider button-icon-divider-left\"><i class=\"fa-wrench fas awb-button__icon awb-button__icon--default\" aria-hidden=\"true\"><\/i><\/span><span class=\"fusion-button-text awb-button__text awb-button__text--default fusion-button-text-left\">\n<p>Unsere Technologie<\/p>\n<\/span><\/a><\/div><div class=\"fusion-sep-clear\"><\/div><div class=\"fusion-separator fusion-full-width-sep\" style=\"margin-left: auto;margin-right: auto;margin-top:20px;width:100%;\"><\/div><div class=\"fusion-sep-clear\"><\/div><div class=\"fusion-clearfix\"><\/div><\/div><\/div><\/div><\/div><\/p>\n","protected":false},"excerpt":{"rendered":"","protected":false},"author":12,"featured_media":0,"parent":13651,"menu_order":0,"comment_status":"closed","ping_status":"closed","template":"","meta":{"footnotes":""},"class_list":["post-22975","page","type-page","status-publish","hentry"],"yoast_head":"<!-- This site is optimized with the Yoast SEO plugin v27.3 - https:\/\/yoast.com\/product\/yoast-seo-wordpress\/ -->\n<title>ECCO X 100 - SmartRay<\/title>\n<meta name=\"description\" content=\"ECCO X 100: Ultra-HD 3D-Sensor. Bis zu 40 kHz Geschwindigkeit und 4096 Punkte pro Profil. W\u00e4hlen Sie Ihre Laserwellenl\u00e4nge!\" \/>\n<meta name=\"robots\" content=\"index, follow, max-snippet:-1, max-image-preview:large, max-video-preview:-1\" \/>\n<link rel=\"canonical\" href=\"https:\/\/www.smartray.com\/de\/3d-sensoren\/ecco-x-100\/\" \/>\n<meta property=\"og:locale\" content=\"de_DE\" \/>\n<meta property=\"og:type\" content=\"article\" \/>\n<meta property=\"og:title\" content=\"ECCO X 100 - SmartRay\" \/>\n<meta property=\"og:description\" content=\"ECCO X 100: Ultra-HD 3D-Sensor. Bis zu 40 kHz Geschwindigkeit und 4096 Punkte pro Profil. W\u00e4hlen Sie Ihre Laserwellenl\u00e4nge!\" \/>\n<meta property=\"og:url\" content=\"https:\/\/www.smartray.com\/de\/3d-sensoren\/ecco-x-100\/\" \/>\n<meta property=\"og:site_name\" content=\"SmartRay\" \/>\n<meta property=\"article:modified_time\" content=\"2025-12-10T13:47:50+00:00\" \/>\n<meta name=\"twitter:card\" content=\"summary_large_image\" \/>\n<meta name=\"twitter:label1\" content=\"Gesch\u00e4tzte Lesezeit\" \/>\n\t<meta name=\"twitter:data1\" content=\"3\u00a0Minuten\" \/>\n<script type=\"application\/ld+json\" class=\"yoast-schema-graph\">{\"@context\":\"https:\\\/\\\/schema.org\",\"@graph\":[{\"@type\":\"WebPage\",\"@id\":\"https:\\\/\\\/www.smartray.com\\\/de\\\/3d-sensoren\\\/ecco-x-100\\\/\",\"url\":\"https:\\\/\\\/www.smartray.com\\\/de\\\/3d-sensoren\\\/ecco-x-100\\\/\",\"name\":\"ECCO X 100 - SmartRay\",\"isPartOf\":{\"@id\":\"https:\\\/\\\/www.smartray.com\\\/de\\\/#website\"},\"datePublished\":\"2024-12-13T10:39:30+00:00\",\"dateModified\":\"2025-12-10T13:47:50+00:00\",\"description\":\"ECCO X 100: Ultra-HD 3D-Sensor. Bis zu 40 kHz Geschwindigkeit und 4096 Punkte pro Profil. W\u00e4hlen Sie Ihre Laserwellenl\u00e4nge!\",\"breadcrumb\":{\"@id\":\"https:\\\/\\\/www.smartray.com\\\/de\\\/3d-sensoren\\\/ecco-x-100\\\/#breadcrumb\"},\"inLanguage\":\"de\",\"potentialAction\":[{\"@type\":\"ReadAction\",\"target\":[\"https:\\\/\\\/www.smartray.com\\\/de\\\/3d-sensoren\\\/ecco-x-100\\\/\"]}]},{\"@type\":\"BreadcrumbList\",\"@id\":\"https:\\\/\\\/www.smartray.com\\\/de\\\/3d-sensoren\\\/ecco-x-100\\\/#breadcrumb\",\"itemListElement\":[{\"@type\":\"ListItem\",\"position\":1,\"name\":\"Home\",\"item\":\"https:\\\/\\\/www.smartray.com\\\/de\\\/\"},{\"@type\":\"ListItem\",\"position\":2,\"name\":\"3D-Sensoren\",\"item\":\"https:\\\/\\\/www.smartray.com\\\/de\\\/3d-sensoren\\\/\"},{\"@type\":\"ListItem\",\"position\":3,\"name\":\"ECCO X 100\"}]},{\"@type\":\"WebSite\",\"@id\":\"https:\\\/\\\/www.smartray.com\\\/de\\\/#website\",\"url\":\"https:\\\/\\\/www.smartray.com\\\/de\\\/\",\"name\":\"SmartRay\",\"description\":\"Cutting-edge 3D sensors for inspection, guidance and measurement\",\"potentialAction\":[{\"@type\":\"SearchAction\",\"target\":{\"@type\":\"EntryPoint\",\"urlTemplate\":\"https:\\\/\\\/www.smartray.com\\\/de\\\/?s={search_term_string}\"},\"query-input\":{\"@type\":\"PropertyValueSpecification\",\"valueRequired\":true,\"valueName\":\"search_term_string\"}}],\"inLanguage\":\"de\"}]}<\/script>\n<!-- \/ Yoast SEO plugin. -->","yoast_head_json":{"title":"ECCO X 100 - SmartRay","description":"ECCO X 100: Ultra-HD 3D-Sensor. Bis zu 40 kHz Geschwindigkeit und 4096 Punkte pro Profil. W\u00e4hlen Sie Ihre Laserwellenl\u00e4nge!","robots":{"index":"index","follow":"follow","max-snippet":"max-snippet:-1","max-image-preview":"max-image-preview:large","max-video-preview":"max-video-preview:-1"},"canonical":"https:\/\/www.smartray.com\/de\/3d-sensoren\/ecco-x-100\/","og_locale":"de_DE","og_type":"article","og_title":"ECCO X 100 - SmartRay","og_description":"ECCO X 100: Ultra-HD 3D-Sensor. Bis zu 40 kHz Geschwindigkeit und 4096 Punkte pro Profil. W\u00e4hlen Sie Ihre Laserwellenl\u00e4nge!","og_url":"https:\/\/www.smartray.com\/de\/3d-sensoren\/ecco-x-100\/","og_site_name":"SmartRay","article_modified_time":"2025-12-10T13:47:50+00:00","twitter_card":"summary_large_image","twitter_misc":{"Gesch\u00e4tzte Lesezeit":"3\u00a0Minuten"},"schema":{"@context":"https:\/\/schema.org","@graph":[{"@type":"WebPage","@id":"https:\/\/www.smartray.com\/de\/3d-sensoren\/ecco-x-100\/","url":"https:\/\/www.smartray.com\/de\/3d-sensoren\/ecco-x-100\/","name":"ECCO X 100 - SmartRay","isPartOf":{"@id":"https:\/\/www.smartray.com\/de\/#website"},"datePublished":"2024-12-13T10:39:30+00:00","dateModified":"2025-12-10T13:47:50+00:00","description":"ECCO X 100: Ultra-HD 3D-Sensor. Bis zu 40 kHz Geschwindigkeit und 4096 Punkte pro Profil. W\u00e4hlen Sie Ihre Laserwellenl\u00e4nge!","breadcrumb":{"@id":"https:\/\/www.smartray.com\/de\/3d-sensoren\/ecco-x-100\/#breadcrumb"},"inLanguage":"de","potentialAction":[{"@type":"ReadAction","target":["https:\/\/www.smartray.com\/de\/3d-sensoren\/ecco-x-100\/"]}]},{"@type":"BreadcrumbList","@id":"https:\/\/www.smartray.com\/de\/3d-sensoren\/ecco-x-100\/#breadcrumb","itemListElement":[{"@type":"ListItem","position":1,"name":"Home","item":"https:\/\/www.smartray.com\/de\/"},{"@type":"ListItem","position":2,"name":"3D-Sensoren","item":"https:\/\/www.smartray.com\/de\/3d-sensoren\/"},{"@type":"ListItem","position":3,"name":"ECCO X 100"}]},{"@type":"WebSite","@id":"https:\/\/www.smartray.com\/de\/#website","url":"https:\/\/www.smartray.com\/de\/","name":"SmartRay","description":"Cutting-edge 3D sensors for inspection, guidance and measurement","potentialAction":[{"@type":"SearchAction","target":{"@type":"EntryPoint","urlTemplate":"https:\/\/www.smartray.com\/de\/?s={search_term_string}"},"query-input":{"@type":"PropertyValueSpecification","valueRequired":true,"valueName":"search_term_string"}}],"inLanguage":"de"}]}},"_links":{"self":[{"href":"https:\/\/www.smartray.com\/de\/wp-json\/wp\/v2\/pages\/22975","targetHints":{"allow":["GET"]}}],"collection":[{"href":"https:\/\/www.smartray.com\/de\/wp-json\/wp\/v2\/pages"}],"about":[{"href":"https:\/\/www.smartray.com\/de\/wp-json\/wp\/v2\/types\/page"}],"author":[{"embeddable":true,"href":"https:\/\/www.smartray.com\/de\/wp-json\/wp\/v2\/users\/12"}],"replies":[{"embeddable":true,"href":"https:\/\/www.smartray.com\/de\/wp-json\/wp\/v2\/comments?post=22975"}],"version-history":[{"count":10,"href":"https:\/\/www.smartray.com\/de\/wp-json\/wp\/v2\/pages\/22975\/revisions"}],"predecessor-version":[{"id":23634,"href":"https:\/\/www.smartray.com\/de\/wp-json\/wp\/v2\/pages\/22975\/revisions\/23634"}],"up":[{"embeddable":true,"href":"https:\/\/www.smartray.com\/de\/wp-json\/wp\/v2\/pages\/13651"}],"wp:attachment":[{"href":"https:\/\/www.smartray.com\/de\/wp-json\/wp\/v2\/media?parent=22975"}],"curies":[{"name":"wp","href":"https:\/\/api.w.org\/{rel}","templated":true}]}}